{"id":1636,"date":"2017-09-13T17:53:40","date_gmt":"2017-09-13T15:53:40","guid":{"rendered":"https:\/\/museosanitariovigo.es\/canal-tv-musavi\/"},"modified":"2017-09-22T09:41:18","modified_gmt":"2017-09-22T07:41:18","slug":"canal-tv-musavi","status":"publish","type":"page","link":"https:\/\/museosanitariovigo.es\/es\/canal-tv-musavi\/","title":{"rendered":"Canal TV MUSAVI"},"content":{"rendered":"<div id='av_section_1'  class='avia-section av-av_section-4ab2c50611e8bc0ab9af19846c400691 main_color avia-section-default avia-no-shadow  avia-builder-el-0  avia-builder-el-no-sibling  avia-bg-style-scroll container_wrap fullsize'  ><div class='container av-section-cont-open' ><main  role=\"main\" itemprop=\"mainContentOfPage\"  class='template-page content  av-content-full alpha units'><div class='post-entry post-entry-type-page post-entry-1636'><div class='entry-content-wrapper clearfix'>\n\n<style type=\"text\/css\" data-created_by=\"avia_inline_auto\" id=\"style-css-av-av_one_full-15d750bd1b332b34c6e70b077ebbccdf\">\n.flex_column.av-av_one_full-15d750bd1b332b34c6e70b077ebbccdf{\n-webkit-border-radius:0px 0px 0px 0px;\n-moz-border-radius:0px 0px 0px 0px;\nborder-radius:0px 0px 0px 0px;\npadding:0px 0px 0px 0px;\n}\n<\/style>\n<div class='flex_column av-av_one_full-15d750bd1b332b34c6e70b077ebbccdf av_one_full  avia-builder-el-1  avia-builder-el-no-sibling  first flex_column_div av-zero-column-padding '     ><p>\n<style type=\"text\/css\" data-created_by=\"avia_inline_auto\" id=\"style-css-av-av_headline_rotator-c3ef38ab41a0f8c5c0fc51d8f50391e4\">\n#top .av-rotator-container.av-av_headline_rotator-c3ef38ab41a0f8c5c0fc51d8f50391e4{\ntext-align:left;\ncolor:#004241;\n}\n#top .av-rotator-container.av-av_headline_rotator-c3ef38ab41a0f8c5c0fc51d8f50391e4 .av-rotator-container-inner{\nfont-size:38px;\n}\n<\/style>\n<div  class='av-rotator-container av-rotation-container-left av-av_headline_rotator-c3ef38ab41a0f8c5c0fc51d8f50391e4  avia-builder-el-2  el_before_av_textblock  avia-builder-el-first ' data-interval='5' data-animation='1'><h3 class='av-rotator-container-inner'>TV MUSAVI, <span class='av-rotator-text av-rotator-multiline-off'>\n<span class='av-rotator-text-single av-av_rotator_item-e03797cdfe1fccd0de0fcc66f1da9411 av-rotator-text-single-1'>el Museo en im\u00e1genes<\/span>\n<span class='av-rotator-text-single av-av_rotator_item-f940f9c7e33e14fb1061db6bbf242ffa av-rotator-text-single-2'>visita nuestro canal en YouTube<\/span>\n<\/span><\/h3><\/div><br \/>\n<section  class='av_textblock_section av-av_textblock-2de302bf1aa3cf4c9157dbe6f50ac7eb'  itemscope=\"itemscope\" itemtype=\"https:\/\/schema.org\/CreativeWork\" ><div class='avia_textblock'  itemprop=\"text\" ><p>\u00daltimos v\u00eddeos de nuestro canal en YouTube. Descubre la colecci\u00f3n del Museo desde este canal.<\/p>\n<\/div><\/section><br \/>\n\n<style type=\"text\/css\" data-created_by=\"avia_inline_auto\" id=\"style-css-av-av_hr-616cd310f4c6bf63bbd1f033802c1165\">\n#top .hr.hr-invisible.av-av_hr-616cd310f4c6bf63bbd1f033802c1165{\nheight:20px;\n}\n<\/style>\n<div  class='hr av-av_hr-616cd310f4c6bf63bbd1f033802c1165 hr-invisible  avia-builder-el-4  el_after_av_textblock  el_before_av_textblock '><span class='hr-inner '><span class=\"hr-inner-style\"><\/span><\/span><\/div><br \/>\n<section  class='av_textblock_section av-av_textblock-2de302bf1aa3cf4c9157dbe6f50ac7eb'  itemscope=\"itemscope\" itemtype=\"https:\/\/schema.org\/CreativeWork\" ><div class='avia_textblock'  itemprop=\"text\" >\n            <div \n                class=\"elfsight-widget-youtube-gallery elfsight-widget\" \n                data-elfsight-youtube-gallery-options=\"%7B%22channel%22%3A%22https%3A%5C%2F%5C%2Fwww.youtube.com%5C%2Fchannel%5C%2FUCjKktytF-7HN51SxJjEQd1A%22%2C%22sourceGroups%22%3A%5B%5D%2C%22headerVisible%22%3Afalse%2C%22headerLayout%22%3A%22minimal%22%2C%22headerInfo%22%3A%22%22%2C%22headerChannelName%22%3A%22%22%2C%22headerChannelDescription%22%3A%22%22%2C%22headerChannelLogo%22%3A%22%22%2C%22headerChannelBanner%22%3A%22%22%2C%22contentColumns%22%3A%223%22%2C%22contentRows%22%3A%224%22%2C%22contentGutter%22%3A%225%22%2C%22contentResponsive%22%3A%22%257B%2522550%2522%253A%257B%2522columns%2522%253A%25221%2522%252C%2522rows%2522%253A%25226%2522%252C%2522gutter%2522%253A%25225%2522%257D%252C%2522768%2522%253A%257B%2522columns%2522%253A%25222%2522%252C%2522rows%2522%253A%25223%2522%252C%2522gutter%2522%253A%25225%2522%257D%257D%22%2C%22width%22%3A%22auto%22%2C%22videoLayout%22%3A%22classic%22%2C%22videoInfo%22%3A%5B%22playIcon%22%2C%22duration%22%2C%22title%22%5D%2C%22videoPlayMode%22%3A%22popup%22%2C%22popupInfo%22%3A%22%22%2C%22popupAutoplay%22%3Atrue%2C%22contentDirection%22%3A%22vertical%22%2C%22contentArrowsControl%22%3Atrue%2C%22contentScrollControl%22%3Afalse%2C%22contentDragControl%22%3Atrue%2C%22contentPaginationControl%22%3Atrue%2C%22contentScrollbar%22%3Afalse%2C%22contentSearch%22%3Afalse%2C%22contentDivider1%22%3Anull%2C%22contentTransitionSpeed%22%3A%22600%22%2C%22contentTransitionEffect%22%3A%22slide%22%2C%22contentFreeMode%22%3Afalse%2C%22contentDivider2%22%3Anull%2C%22contentAuto%22%3A%220%22%2C%22contentAutoPauseOnHover%22%3Afalse%2C%22colorScheme%22%3A%22default%22%2C%22colorHeaderBg%22%3A%22rgb%28255%2C%20255%2C%20255%29%22%2C%22colorHeaderBannerOverlay%22%3A%22rgba%28255%2C%20255%2C%20255%2C%200.81%29%22%2C%22colorHeaderChannelName%22%3A%22rgb%2834%2C%2034%2C%2034%29%22%2C%22colorHeaderChannelNameHover%22%3A%22rgb%2847%2C%20165%2C%20255%29%22%2C%22colorHeaderChannelDescription%22%3A%22rgb%2834%2C%2034%2C%2034%29%22%2C%22colorHeaderAnchor%22%3A%22rgb%2847%2C%20165%2C%20255%29%22%2C%22colorHeaderAnchorHover%22%3A%22rgb%2834%2C%2034%2C%2034%29%22%2C%22colorHeaderCounters%22%3A%22rgb%28102%2C%20102%2C%20102%29%22%2C%22colorGroupsBg%22%3A%22rgb%28255%2C%20255%2C%20255%29%22%2C%22colorGroupsLink%22%3A%22rgb%2879%2C%2079%2C%2079%29%22%2C%22colorGroupsLinkHover%22%3A%22rgb%2879%2C%2079%2C%2079%29%22%2C%22colorGroupsLinkActive%22%3A%22rgb%280%2C%200%2C%200%29%22%2C%22colorGroupsHighlightHover%22%3A%22rgb%28255%2C%200%2C%200%29%22%2C%22colorGroupsHighlightActive%22%3A%22rgb%28255%2C%200%2C%200%29%22%2C%22colorVideoBg%22%3A%22rgb%28255%2C%20255%2C%20255%29%22%2C%22colorVideoOverlay%22%3A%22rgba%28255%2C%20255%2C%20255%2C%200.9%29%22%2C%22colorVideoPlayIcon%22%3A%22rgba%28255%2C%20255%2C%20255%2C%200.4%29%22%2C%22colorVideoPlayIconHover%22%3A%22rgba%28255%2C%20255%2C%20255%2C%200.8%29%22%2C%22colorVideoDuration%22%3A%22rgb%28255%2C%20255%2C%20255%29%22%2C%22colorVideoDurationBg%22%3A%22rgba%2834%2C%2034%2C%2034%2C%200.81%29%22%2C%22colorVideoTitle%22%3A%22rgb%2817%2C%2085%2C%20137%29%22%2C%22colorVideoTitleHover%22%3A%22rgb%2817%2C%2085%2C%20137%29%22%2C%22colorVideoDate%22%3A%22rgb%28140%2C%20140%2C%20140%29%22%2C%22colorVideoDescription%22%3A%22rgb%2834%2C%2034%2C%2034%29%22%2C%22colorVideoAnchor%22%3A%22rgb%2817%2C%2085%2C%20137%29%22%2C%22colorVideoAnchorHover%22%3A%22rgb%2817%2C%2085%2C%20137%29%22%2C%22colorVideoCounters%22%3A%22rgb%28149%2C%20149%2C%20149%29%22%2C%22colorPopupBg%22%3A%22rgb%28255%2C%20255%2C%20255%29%22%2C%22colorPopupAnchor%22%3A%22rgb%2826%2C%20137%2C%20222%29%22%2C%22colorPopupAnchorHover%22%3A%22rgb%2847%2C%20165%2C%20255%29%22%2C%22colorPopupOverlay%22%3A%22rgba%280%2C%200%2C%200%2C%200.7%29%22%2C%22colorPopupTitle%22%3A%22rgb%2834%2C%2034%2C%2034%29%22%2C%22colorPopupChannelName%22%3A%22rgb%2834%2C%2034%2C%2034%29%22%2C%22colorPopupChannelNameHover%22%3A%22rgb%2847%2C%20165%2C%20255%29%22%2C%22colorPopupViewsCounter%22%3A%22rgb%2885%2C%2085%2C%2085%29%22%2C%22colorPopupLikesRatio%22%3A%22rgb%2847%2C%20165%2C%20255%29%22%2C%22colorPopupDislikesRatio%22%3A%22rgb%28207%2C%20207%2C%20207%29%22%2C%22colorPopupLikesCounter%22%3A%22rgb%28144%2C%20144%2C%20144%29%22%2C%22colorPopupDislikesCounter%22%3A%22rgb%28144%2C%20144%2C%20144%29%22%2C%22colorPopupShare%22%3A%22rgba%2817%2C%2017%2C%2017%2C%200.5%29%22%2C%22colorPopupDate%22%3A%22rgb%2834%2C%2034%2C%2034%29%22%2C%22colorPopupDescription%22%3A%22rgb%2834%2C%2034%2C%2034%29%22%2C%22colorPopupDescriptionMoreButton%22%3A%22rgb%28102%2C%20102%2C%20102%29%22%2C%22colorPopupDescriptionMoreButtonHover%22%3A%22rgb%2834%2C%2034%2C%2034%29%22%2C%22colorPopupCommentsUsername%22%3A%22rgb%2834%2C%2034%2C%2034%29%22%2C%22colorPopupCommentsUsernameHover%22%3A%22rgb%2847%2C%20165%2C%20255%29%22%2C%22colorPopupCommentsPassedTime%22%3A%22rgb%28115%2C%20115%2C%20115%29%22%2C%22colorPopupCommentsLikes%22%3A%22rgb%28180%2C%20180%2C%20180%29%22%2C%22colorPopupCommentsText%22%3A%22rgb%2834%2C%2034%2C%2034%29%22%2C%22colorPopupControls%22%3A%22rgb%28160%2C%20160%2C%20160%29%22%2C%22colorPopupControlsHover%22%3A%22rgb%28220%2C%20220%2C%20220%29%22%2C%22colorPopupControlsMobile%22%3A%22rgb%28220%2C%20220%2C%20220%29%22%2C%22colorPopupControlsMobileBg%22%3A%22rgba%28255%2C%20255%2C%20255%2C%200%29%22%2C%22colorContentBg%22%3A%22rgb%28255%2C%20255%2C%20255%29%22%2C%22colorContentArrows%22%3A%22rgb%28255%2C%20255%2C%20255%29%22%2C%22colorContentArrowsHover%22%3A%22rgb%28255%2C%200%2C%200%29%22%2C%22colorContentArrowsBg%22%3A%22rgba%280%2C%200%2C%200%2C%200.4%29%22%2C%22colorContentArrowsBgHover%22%3A%22rgba%280%2C%200%2C%200%2C%200.8%29%22%2C%22colorContentScrollbarBg%22%3A%22rgb%28204%2C%20204%2C%20204%29%22%2C%22colorContentScrollbarSliderBg%22%3A%22rgba%280%2C%200%2C%200%2C%200.4%29%22%2C%22lang%22%3A%22es%22%2C%22adsClient%22%3A%22%22%2C%22adsSlotsContent%22%3A%22%22%2C%22adsSlotsPopup%22%3A%22%22%2C%22noCookies%22%3Anull%2C%22key%22%3A%22AIzaSyCYONSKinlkmr4raDxJ9Z9PTEWMUOWVLwU%22%2C%22apiUrl%22%3A%22https%3A%5C%2F%5C%2Fmuseosanitariovigo.es%5C%2Fes%5C%2Fwp-json%5C%2Felfsight-youtube-gallery%5C%2Fapi%22%2C%22widgetId%22%3A%221%22%7D\" \n                data-elfsight-youtube-gallery-version=\"3.5.0\"\n                data-elfsight-widget-id=\"elfsight-youtube-gallery-1\">\n            <\/div>\n            \n<\/div><\/section><br \/>\n<div  class='avia-button-wrap av-av_button-d0230869cc03cc2249535a541575a30d-wrap avia-button-left  avia-builder-el-6  el_after_av_textblock  avia-builder-el-last ' ><a href='https:\/\/www.youtube.com\/channel\/UCjKktytF-7HN51SxJjEQd1A' class='avia-button av-av_button-d0230869cc03cc2249535a541575a30d avia-icon_select-yes-left-icon avia-size-large avia-position-left avia-color-theme-color' target=\"_blank\" rel=\"noopener noreferrer\"><span class='avia_button_icon avia_button_icon_left' aria-hidden='true' data-av_icon='\ue897' data-av_iconfont='entypo-fontello'><\/span><span class='avia_iconbox_title' >Ver canal en YouTube<\/span><\/a><\/div><\/p><\/div>\n","protected":false},"excerpt":{"rendered":"","protected":false},"author":1,"featured_media":0,"parent":0,"menu_order":0,"comment_status":"closed","ping_status":"closed","template":"","meta":[],"_links":{"self":[{"href":"https:\/\/museosanitariovigo.es\/es\/wp-json\/wp\/v2\/pages\/1636"}],"collection":[{"href":"https:\/\/museosanitariovigo.es\/es\/wp-json\/wp\/v2\/pages"}],"about":[{"href":"https:\/\/museosanitariovigo.es\/es\/wp-json\/wp\/v2\/types\/page"}],"author":[{"embeddable":true,"href":"https:\/\/museosanitariovigo.es\/es\/wp-json\/wp\/v2\/users\/1"}],"replies":[{"embeddable":true,"href":"https:\/\/museosanitariovigo.es\/es\/wp-json\/wp\/v2\/comments?post=1636"}],"version-history":[{"count":0,"href":"https:\/\/museosanitariovigo.es\/es\/wp-json\/wp\/v2\/pages\/1636\/revisions"}],"wp:attachment":[{"href":"https:\/\/museosanitariovigo.es\/es\/wp-json\/wp\/v2\/media?parent=1636"}],"curies":[{"name":"wp","href":"https:\/\/api.w.org\/{rel}","templated":true}]}}