{"id":1638,"date":"2016-07-15T14:19:56","date_gmt":"2016-07-15T14:19:56","guid":{"rendered":"https:\/\/museosanitariovigo.es\/contactar\/"},"modified":"2017-10-25T10:33:28","modified_gmt":"2017-10-25T08:33:28","slug":"contactar","status":"publish","type":"page","link":"https:\/\/museosanitariovigo.es\/es\/contactar\/","title":{"rendered":"Contactar"},"content":{"rendered":"<div  class='av_gmaps_sc_main_wrap av_gmaps_main_wrap '><div id='av_gmap_0' class='avia-google-map-container avia-google-map-sc av_gmaps_show_unconditionally av-no-fallback-img ' data-mapid='av_gmap_0'  style='height: 400px;'><a class=\"av_gmaps_browser_disabled av_text_confirm_link av_text_confirm_link_visible\" href=\"https:\/\/www.google.com\/maps\/search\/?api=1&#038;query=Estrada%20de%20Clara%20Campoamor,%20341%20%20Vigo%20%20Spain\" target=\"_blank\" rel=\"noopener\">Maps were disabled by the visitor on this site. Click to open the map in a new window.<\/a><\/div><\/div>\n<div id='av-layout-grid-1'  class='av-layout-grid-container av-av_layout_row-8b19f5a87408912de0131b21887249b2 entry-content-wrapper main_color av-fixed-cells  avia-builder-el-1  el_after_av_google_map  el_before_av_section  grid-row-not-first  container_wrap fullsize'  >\n\n<style type=\"text\/css\" data-created_by=\"avia_inline_auto\" id=\"style-css-av-av_cell_one_half-cf7a4596b8f2e5b09d1583ba4dbbcfcc\">\n.flex_cell.av-av_cell_one_half-cf7a4596b8f2e5b09d1583ba4dbbcfcc{\nvertical-align:top;\nbackground-color:#115589;\n}\n.responsive #top #wrap_all .flex_cell.av-av_cell_one_half-cf7a4596b8f2e5b09d1583ba4dbbcfcc{\npadding:9px 0px 0px 0px !important;\n}\n<\/style>\n<div class='flex_cell av-av_cell_one_half-cf7a4596b8f2e5b09d1583ba4dbbcfcc av-gridrow-cell av_one_half no_margin  avia-builder-el-2  el_before_av_cell_one_half  avia-builder-el-first ' ><div class='flex_cell_inner'><\/div><\/div>\n<style type=\"text\/css\" data-created_by=\"avia_inline_auto\" id=\"style-css-av-av_cell_one_half-1632cb7551adecea189c3b4db80cd937\">\n.flex_cell.av-av_cell_one_half-1632cb7551adecea189c3b4db80cd937{\nvertical-align:top;\nbackground-color:#00a7a1;\n}\n.responsive #top #wrap_all .flex_cell.av-av_cell_one_half-1632cb7551adecea189c3b4db80cd937{\npadding:9px 0px 0px 0px !important;\n}\n<\/style>\n<div class='flex_cell av-av_cell_one_half-1632cb7551adecea189c3b4db80cd937 av-gridrow-cell av_one_half no_margin  avia-builder-el-3  el_after_av_cell_one_half  avia-builder-el-last ' ><div class='flex_cell_inner'><\/div><\/div>\n<\/div>\n<div id='av_section_1'  class='avia-section av-av_section-ab35e41d30c284ba64bd8e598dfb7efa main_color avia-section-large avia-no-border-styling  avia-builder-el-4  el_after_av_layout_row  avia-builder-el-last  avia-bg-style-scroll container_wrap fullsize'  ><div class='container av-section-cont-open' ><div class='template-page content  av-content-full alpha units'><div class='post-entry post-entry-type-page post-entry-1638'><div class='entry-content-wrapper clearfix'>\n\n<style type=\"text\/css\" data-created_by=\"avia_inline_auto\" id=\"style-css-av-av_one_half-d71a51a707c4656b37c9afbbd6138215\">\n.flex_column.av-av_one_half-d71a51a707c4656b37c9afbbd6138215{\n-webkit-border-radius:0px 0px 0px 0px;\n-moz-border-radius:0px 0px 0px 0px;\nborder-radius:0px 0px 0px 0px;\npadding:0px 0px 0px 0px;\n}\n<\/style>\n<div class='flex_column av-av_one_half-d71a51a707c4656b37c9afbbd6138215 av_one_half  avia-builder-el-5  el_before_av_one_half  avia-builder-el-first  first flex_column_div av-animated-generic bottom-to-top av-zero-column-padding '     ><p>\n<style type=\"text\/css\" data-created_by=\"avia_inline_auto\" id=\"style-css-av-av_heading-6dd2c6cae91981ab4b3c10408dd6d3e8\">\n#top .av-special-heading.av-av_heading-6dd2c6cae91981ab4b3c10408dd6d3e8{\npadding-bottom:20px;\nfont-size:34px;\n}\nbody .av-special-heading.av-av_heading-6dd2c6cae91981ab4b3c10408dd6d3e8 .av-special-heading-tag .heading-char{\nfont-size:25px;\n}\n#top #wrap_all .av-special-heading.av-av_heading-6dd2c6cae91981ab4b3c10408dd6d3e8 .av-special-heading-tag{\nfont-size:34px;\n}\n.av-special-heading.av-av_heading-6dd2c6cae91981ab4b3c10408dd6d3e8 .av-subheading{\nfont-size:15px;\n}\n\n@media only screen and (min-width: 480px) and (max-width: 767px){ \n#top #wrap_all .av-special-heading.av-av_heading-6dd2c6cae91981ab4b3c10408dd6d3e8 .av-special-heading-tag{\nfont-size:0.8em;\n}\n}\n\n@media only screen and (max-width: 479px){ \n#top #wrap_all .av-special-heading.av-av_heading-6dd2c6cae91981ab4b3c10408dd6d3e8 .av-special-heading-tag{\nfont-size:0.8em;\n}\n}\n<\/style>\n<div  class='av-special-heading av-av_heading-6dd2c6cae91981ab4b3c10408dd6d3e8 av-special-heading-h3 blockquote modern-quote  avia-builder-el-6  el_before_av_contact  avia-builder-el-first  av-inherit-size'><div class='av-subheading av-subheading_above'><p>Utiliza nuestro<\/p>\n<\/div><h3 class='av-special-heading-tag'  itemprop=\"headline\"  >FORMULARIO DE CONTACTO<\/h3><div class=\"special-heading-border\"><div class=\"special-heading-inner-border\"><\/div><\/div><\/div><br \/>\n<form action=\"https:\/\/museosanitariovigo.es\/es\/contactar\/\" method=\"post\"  class=\"avia_ajax_form av-form-labels-hidden   avia-builder-el-7  el_after_av_heading  avia-builder-el-last   \" data-avia-form-id=\"1\" data-avia-redirect='' ><fieldset><p class='  first_form  form_element form_element_half' id='element_avia_1_1'><label for=\"avia_1_1\">Nombre <abbr class=\"required\" title=\"requerido\">*<\/abbr><\/label> <input name=\"avia_1_1\" class=\"text_input is_empty\" type=\"text\" id=\"avia_1_1\" value=\"\"  placeholder='Nombre*'\/><\/p><p class='  form_element form_element_half' id='element_avia_2_1'><label for=\"avia_2_1\">E-Mail <abbr class=\"required\" title=\"requerido\">*<\/abbr><\/label> <input name=\"avia_2_1\" class=\"text_input is_email\" type=\"text\" id=\"avia_2_1\" value=\"\"  placeholder='E-Mail*'\/><\/p><p class='  first_form  form_element form_fullwidth' id='element_avia_3_1'><label for=\"avia_3_1\">Asunto <abbr class=\"required\" title=\"requerido\">*<\/abbr><\/label> <input name=\"avia_3_1\" class=\"text_input is_empty\" type=\"text\" id=\"avia_3_1\" value=\"\"  placeholder='Asunto*'\/><\/p><p class='  first_form  form_element form_fullwidth av-last-visible-form-element' id='element_avia_4_1'><label for=\"avia_4_1\" class=\"textare_label hidden textare_label_avia_4_1\">Mensaje <abbr class=\"required\" title=\"requerido\">*<\/abbr><\/label><textarea  placeholder='Mensaje*' name=\"avia_4_1\" class=\"text_area is_empty\" cols=\"40\" rows=\"7\" id=\"avia_4_1\" ><\/textarea><\/p><p class=\"hidden\"><input type=\"text\" name=\"avia_5_1\" class=\"hidden \" id=\"avia_5_1\" value=\"\" \/><\/p><p class=\"form_element \"><input type=\"hidden\" value=\"1\" name=\"avia_generated_form1\" \/><input type=\"submit\" value=\"Enviar mensaje\" class=\"button\"  data-sending-label=\"Enviando\"\/><\/p><\/fieldset><\/form><div id=\"ajaxresponse_1\" class=\"ajaxresponse ajaxresponse_1 hidden\"><\/div><\/p><\/div>\n<style type=\"text\/css\" data-created_by=\"avia_inline_auto\" id=\"style-css-av-av_one_half-93bea18e2ccb60552a17080633244dec\">\n.flex_column.av-av_one_half-93bea18e2ccb60552a17080633244dec{\n-webkit-border-radius:0px 0px 0px 0px;\n-moz-border-radius:0px 0px 0px 0px;\nborder-radius:0px 0px 0px 0px;\npadding:0px 0px 0px 0px;\n}\n<\/style>\n<div class='flex_column av-av_one_half-93bea18e2ccb60552a17080633244dec av_one_half  avia-builder-el-8  el_after_av_one_half  avia-builder-el-last  flex_column_div av-animated-generic bottom-to-top av-zero-column-padding '     ><p>\n<style type=\"text\/css\" data-created_by=\"avia_inline_auto\" id=\"style-css-av-av_heading-603660d489ac9695c0d9d468b213ec70\">\n#top .av-special-heading.av-av_heading-603660d489ac9695c0d9d468b213ec70{\npadding-bottom:10px;\nfont-size:34px;\n}\nbody .av-special-heading.av-av_heading-603660d489ac9695c0d9d468b213ec70 .av-special-heading-tag .heading-char{\nfont-size:25px;\n}\n#top #wrap_all .av-special-heading.av-av_heading-603660d489ac9695c0d9d468b213ec70 .av-special-heading-tag{\nfont-size:34px;\n}\n.av-special-heading.av-av_heading-603660d489ac9695c0d9d468b213ec70 .av-subheading{\nfont-size:15px;\n}\n\n@media only screen and (min-width: 480px) and (max-width: 767px){ \n#top #wrap_all .av-special-heading.av-av_heading-603660d489ac9695c0d9d468b213ec70 .av-special-heading-tag{\nfont-size:0.8em;\n}\n}\n\n@media only screen and (max-width: 479px){ \n#top #wrap_all .av-special-heading.av-av_heading-603660d489ac9695c0d9d468b213ec70 .av-special-heading-tag{\nfont-size:0.8em;\n}\n}\n<\/style>\n<div  class='av-special-heading av-av_heading-603660d489ac9695c0d9d468b213ec70 av-special-heading-h3 blockquote modern-quote  avia-builder-el-9  el_before_av_textblock  avia-builder-el-first  av-inherit-size'><div class='av-subheading av-subheading_above'><p>Si lo prefiere&#8230;<\/p>\n<\/div><h3 class='av-special-heading-tag'  itemprop=\"headline\"  >DATOS DE CONTACTO<\/h3><div class=\"special-heading-border\"><div class=\"special-heading-inner-border\"><\/div><\/div><\/div><br \/>\n<section  class='av_textblock_section av-av_textblock-2de302bf1aa3cf4c9157dbe6f50ac7eb'  itemscope=\"itemscope\" itemtype=\"https:\/\/schema.org\/CreativeWork\" ><div class='avia_textblock'  itemprop=\"text\" ><p><strong>Hospital \u00c1lvaro Cunqueiro<br \/>\n<\/strong>Estrada de Clara Campoamor, 341<br \/>\n36312 Vigo, Pontevedra<strong><br \/>\n\n<style type=\"text\/css\" data-created_by=\"avia_inline_auto\" id=\"style-css-av-av_font_icon-5bbcd2798e81836de162ded3a9dc5fe7\">\n.av_font_icon.av-av_font_icon-5bbcd2798e81836de162ded3a9dc5fe7{\ncolor:#A9A9A9;\nborder-color:#A9A9A9;\n}\n.av_font_icon.av-av_font_icon-5bbcd2798e81836de162ded3a9dc5fe7 .av-icon-char{\nfont-size:23px;\nline-height:23px;\n}\n<\/style>\n<span  class='av_font_icon av-av_font_icon-5bbcd2798e81836de162ded3a9dc5fe7 avia_animate_when_visible av-icon-style- avia-icon-pos-left avia-icon-animate'><span class='av-icon-char' aria-hidden='true' data-av_icon='\ue854' data-av_iconfont='entypo-fontello' ><\/span><\/span> <a href=\"tel:986091424\">986 09 14 24<\/a><br \/>\n<a href=\"mailto:info@museosanitariovigo.es\">info@museosanitariovigo.es<\/a><\/strong><\/p>\n<\/div><\/section><br \/>\n\n<style type=\"text\/css\" data-created_by=\"avia_inline_auto\" id=\"style-css-av-av_hr-65901402869d5684c6e9de4e722dae0a\">\n#top .hr.hr-invisible.av-av_hr-65901402869d5684c6e9de4e722dae0a{\nheight:8px;\n}\n<\/style>\n<div  class='hr av-av_hr-65901402869d5684c6e9de4e722dae0a hr-invisible  avia-builder-el-12  el_after_av_textblock  el_before_av_textblock '><span class='hr-inner '><span class=\"hr-inner-style\"><\/span><\/span><\/div><br \/>\n<section  class='av_textblock_section av-av_textblock-2de302bf1aa3cf4c9157dbe6f50ac7eb'  itemscope=\"itemscope\" itemtype=\"https:\/\/schema.org\/CreativeWork\" ><div class='avia_textblock'  itemprop=\"text\" ><p><strong>EL MUSEO SOMOS TODOS<\/strong><br \/>\nLa EOXI de Vigo agradece a la ciudadan\u00eda su contribuci\u00f3n a los fondos del MUSAVI, ya que el MUSEO estar\u00e1 constituido por las memorias de todos y todas.<\/p>\n<p>Si usted est\u00e1 interesado en colaborar con el Museo a trav\u00e9s de la donaci\u00f3n de alg\u00fan tipo de documento, material o equipo relacionado con la sanidad que pudiera resultar de inter\u00e9s p\u00fablico, p\u00f3ngase en contacto con nosotros, que le informaremos de las diversas f\u00f3rmulas oficiales de cooperaci\u00f3n previstas.<\/p>\n<\/div><\/section><\/p><\/div>\n","protected":false},"excerpt":{"rendered":"","protected":false},"author":1,"featured_media":0,"parent":0,"menu_order":0,"comment_status":"closed","ping_status":"closed","template":"","meta":[],"_links":{"self":[{"href":"https:\/\/museosanitariovigo.es\/es\/wp-json\/wp\/v2\/pages\/1638"}],"collection":[{"href":"https:\/\/museosanitariovigo.es\/es\/wp-json\/wp\/v2\/pages"}],"about":[{"href":"https:\/\/museosanitariovigo.es\/es\/wp-json\/wp\/v2\/types\/page"}],"author":[{"embeddable":true,"href":"https:\/\/museosanitariovigo.es\/es\/wp-json\/wp\/v2\/users\/1"}],"replies":[{"embeddable":true,"href":"https:\/\/museosanitariovigo.es\/es\/wp-json\/wp\/v2\/comments?post=1638"}],"version-history":[{"count":0,"href":"https:\/\/museosanitariovigo.es\/es\/wp-json\/wp\/v2\/pages\/1638\/revisions"}],"wp:attachment":[{"href":"https:\/\/museosanitariovigo.es\/es\/wp-json\/wp\/v2\/media?parent=1638"}],"curies":[{"name":"wp","href":"https:\/\/api.w.org\/{rel}","templated":true}]}}