{"id":1815,"date":"2017-09-28T18:55:37","date_gmt":"2017-09-28T16:55:37","guid":{"rendered":"https:\/\/museosanitariovigo.es\/descargas\/"},"modified":"2017-10-19T10:26:15","modified_gmt":"2017-10-19T08:26:15","slug":"descargas","status":"publish","type":"page","link":"https:\/\/museosanitariovigo.es\/es\/descargas\/","title":{"rendered":"Descargas"},"content":{"rendered":"<div id='av_section_1'  class='avia-section av-av_section-e20ec1361547d950b6e2569930d6aa41 main_color avia-section-default avia-no-shadow  avia-builder-el-0  el_before_av_section  avia-builder-el-first  avia-bg-style-scroll container_wrap fullsize'  ><div class='container av-section-cont-open' ><main  role=\"main\" itemprop=\"mainContentOfPage\"  class='template-page content  av-content-full alpha units'><div class='post-entry post-entry-type-page post-entry-1815'><div class='entry-content-wrapper clearfix'>\n\n<style type=\"text\/css\" data-created_by=\"avia_inline_auto\" id=\"style-css-av-av_one_fourth-15d750bd1b332b34c6e70b077ebbccdf\">\n.flex_column.av-av_one_fourth-15d750bd1b332b34c6e70b077ebbccdf{\n-webkit-border-radius:0px 0px 0px 0px;\n-moz-border-radius:0px 0px 0px 0px;\nborder-radius:0px 0px 0px 0px;\npadding:0px 0px 0px 0px;\n}\n<\/style>\n<div class='flex_column av-av_one_fourth-15d750bd1b332b34c6e70b077ebbccdf av_one_fourth  avia-builder-el-1  el_before_av_three_fourth  avia-builder-el-first  first flex_column_div av-zero-column-padding '     ><style type=\"text\/css\" data-created_by=\"avia_inline_auto\" id=\"style-css-av-av_image-f51de11c10ae43da3335e494aa96fb79\">\n.avia-image-container.av-av_image-f51de11c10ae43da3335e494aa96fb79 img.avia_image{\nbox-shadow:none;\n}\n.avia-image-container.av-av_image-f51de11c10ae43da3335e494aa96fb79 .av-caption-image-overlay-bg{\nopacity:0.4;\nbackground-color:#000000;\n}\n.avia-image-container.av-av_image-f51de11c10ae43da3335e494aa96fb79 .av-image-caption-overlay-center{\ncolor:#ffffff;\n}\n<\/style>\n<div  class='avia-image-container av-av_image-f51de11c10ae43da3335e494aa96fb79 av-styling-no-styling av-hover-grow avia-align-center  avia-builder-el-2  avia-builder-el-no-sibling  noHover av-overlay-on-hover'   itemprop=\"image\" itemscope=\"itemscope\" itemtype=\"https:\/\/schema.org\/ImageObject\" ><div class=\"avia-image-container-inner\"><div class=\"avia-image-overlay-wrap\"><div class=\"av-image-caption-overlay\"><div class=\"av-caption-image-overlay-bg\"><\/div><div class=\"av-image-caption-overlay-position\"><div class=\"av-image-caption-overlay-center\"><p>50 ANIVERSARIO DO HOSPITAL XERAL. 1955-2005<\/p>\n<\/div><\/div><\/div><img class='wp-image-2219 avia-img-lazy-loading-not-2219 avia_image ' src=\"https:\/\/museosanitariovigo.es\/wp-content\/uploads\/2017\/09\/libro-xeral.jpg\" alt='' title='libro-xeral'  height=\"585\" width=\"601\"  itemprop=\"thumbnailUrl\" srcset=\"https:\/\/museosanitariovigo.es\/wp-content\/uploads\/2017\/09\/libro-xeral.jpg 601w, https:\/\/museosanitariovigo.es\/wp-content\/uploads\/2017\/09\/libro-xeral-300x292.jpg 300w, https:\/\/museosanitariovigo.es\/wp-content\/uploads\/2017\/09\/libro-xeral-36x36.jpg 36w, https:\/\/museosanitariovigo.es\/wp-content\/uploads\/2017\/09\/libro-xeral-450x438.jpg 450w\" sizes=\"(max-width: 601px) 100vw, 601px\" \/><\/div><\/div><\/div><\/div>\n<style type=\"text\/css\" data-created_by=\"avia_inline_auto\" id=\"style-css-av-av_three_fourth-c8fc129dc35fd1ae2a1e410224d39ea8\">\n.flex_column.av-av_three_fourth-c8fc129dc35fd1ae2a1e410224d39ea8{\n-webkit-border-radius:0px 0px 0px 0px;\n-moz-border-radius:0px 0px 0px 0px;\nborder-radius:0px 0px 0px 0px;\npadding:0px 0px 0px 0px;\n}\n<\/style>\n<div class='flex_column av-av_three_fourth-c8fc129dc35fd1ae2a1e410224d39ea8 av_three_fourth  avia-builder-el-3  el_after_av_one_fourth  avia-builder-el-last  flex_column_div av-zero-column-padding '     ><div  class='av_promobox av-av_promobox-3c43827697f725cd6495a370e8f02398 avia-button-yes  avia-builder-el-4  avia-builder-el-no-sibling '><div class='avia-promocontent'><\/p>\n<h3>50 ANIVERSARIO DEL HOSPITAL XERAL. 1955-2005<\/h3>\n<p>Editado por el Complejo Hospitalario Universitario de Vigo (Chuvi), bajo la gerencia de Don Manuel S\u00e1nchez Delgado. Magn\u00edfica edici\u00f3n de 212 p\u00e1ginas redactada por la maravillosa pluma del gran periodista Xos\u00e9 F. Armesto Faginas.<\/p>\n<\/div><div  class='avia-button-wrap av-av_button-4e21c9a4484a36d33a8f35aaef884752-wrap avia-button-right ' ><a href='http:\/\/museosanitariovigo.es\/pdf\/50-ANIVERSARIO-DO-HOSPITAL-XERAL-1955-2005.pdf' class='avia-button av-av_button-4e21c9a4484a36d33a8f35aaef884752 avia-icon_select-no avia-size-large avia-position-right avia-color-theme-color' target=\"_blank\" rel=\"noopener noreferrer\"><span class='avia_iconbox_title' >Descargar libro<\/span><\/a><\/div><\/div><\/div>\n\n<\/div><\/div><\/main><!-- close content main element --><\/div><\/div><div id='av_section_2'  class='avia-section av-av_section-e20ec1361547d950b6e2569930d6aa41 main_color avia-section-default avia-no-shadow  avia-builder-el-5  el_after_av_section  el_before_av_section  avia-bg-style-scroll container_wrap fullsize'  ><div class='container av-section-cont-open' ><div class='template-page content  av-content-full alpha units'><div class='post-entry post-entry-type-page post-entry-1815'><div class='entry-content-wrapper clearfix'>\n\n<style type=\"text\/css\" data-created_by=\"avia_inline_auto\" id=\"style-css-av-av_one_fourth-15d750bd1b332b34c6e70b077ebbccdf\">\n.flex_column.av-av_one_fourth-15d750bd1b332b34c6e70b077ebbccdf{\n-webkit-border-radius:0px 0px 0px 0px;\n-moz-border-radius:0px 0px 0px 0px;\nborder-radius:0px 0px 0px 0px;\npadding:0px 0px 0px 0px;\n}\n<\/style>\n<div class='flex_column av-av_one_fourth-15d750bd1b332b34c6e70b077ebbccdf av_one_fourth  avia-builder-el-6  el_before_av_three_fourth  avia-builder-el-first  first flex_column_div av-zero-column-padding '     ><style type=\"text\/css\" data-created_by=\"avia_inline_auto\" id=\"style-css-av-av_image-1c2e1352cfe2821309101f2c73d78780\">\n.avia-image-container.av-av_image-1c2e1352cfe2821309101f2c73d78780 img.avia_image{\nbox-shadow:none;\n}\n.avia-image-container.av-av_image-1c2e1352cfe2821309101f2c73d78780 .av-caption-image-overlay-bg{\nopacity:0.4;\nbackground-color:#000000;\n}\n.avia-image-container.av-av_image-1c2e1352cfe2821309101f2c73d78780 .av-image-caption-overlay-center{\ncolor:#ffffff;\n}\n<\/style>\n<div  class='avia-image-container av-av_image-1c2e1352cfe2821309101f2c73d78780 av-styling-no-styling av-hover-grow avia-align-center  avia-builder-el-7  avia-builder-el-no-sibling  noHover av-overlay-on-hover'   itemprop=\"image\" itemscope=\"itemscope\" itemtype=\"https:\/\/schema.org\/ImageObject\" ><div class=\"avia-image-container-inner\"><div class=\"avia-image-overlay-wrap\"><div class=\"av-image-caption-overlay\"><div class=\"av-caption-image-overlay-bg\"><\/div><div class=\"av-image-caption-overlay-position\"><div class=\"av-image-caption-overlay-center\"><p>50 ANIVERSARIO DO HOSPITAL XERAL. 1955-2005<\/p>\n<\/div><\/div><\/div><img class='wp-image-2241 avia-img-lazy-loading-not-2241 avia_image ' src=\"https:\/\/museosanitariovigo.es\/wp-content\/uploads\/2017\/09\/201710a9bb438ecd719414.jpg\" alt='' title='201710a9bb438ecd719414'  height=\"276\" width=\"280\"  itemprop=\"thumbnailUrl\" srcset=\"https:\/\/museosanitariovigo.es\/wp-content\/uploads\/2017\/09\/201710a9bb438ecd719414.jpg 280w, https:\/\/museosanitariovigo.es\/wp-content\/uploads\/2017\/09\/201710a9bb438ecd719414-80x80.jpg 80w, https:\/\/museosanitariovigo.es\/wp-content\/uploads\/2017\/09\/201710a9bb438ecd719414-36x36.jpg 36w\" sizes=\"(max-width: 280px) 100vw, 280px\" \/><\/div><\/div><\/div><\/div>\n<style type=\"text\/css\" data-created_by=\"avia_inline_auto\" id=\"style-css-av-av_three_fourth-c8fc129dc35fd1ae2a1e410224d39ea8\">\n.flex_column.av-av_three_fourth-c8fc129dc35fd1ae2a1e410224d39ea8{\n-webkit-border-radius:0px 0px 0px 0px;\n-moz-border-radius:0px 0px 0px 0px;\nborder-radius:0px 0px 0px 0px;\npadding:0px 0px 0px 0px;\n}\n<\/style>\n<div class='flex_column av-av_three_fourth-c8fc129dc35fd1ae2a1e410224d39ea8 av_three_fourth  avia-builder-el-8  el_after_av_one_fourth  avia-builder-el-last  flex_column_div av-zero-column-padding '     ><div  class='av_promobox av-av_promobox-1d11c1220094002f80b906384744872b avia-button-yes  avia-builder-el-9  avia-builder-el-no-sibling '><div class='avia-promocontent'><\/p>\n<h3>DENDE O ELDUAYEN \u00d3 NICOL\u00c1S PE\u00d1A. Un s\u00e9culo e algo m\u00e1is de historia hospitalaria<\/h3>\n<p>Editado para conmemorar el centenario del hospital Nicol\u00e1s Pe\u00f1a, bajo la gerencia de don Bibiano Fern\u00e1ndez-Arruti L\u00f3pez. Curiosa edici\u00f3n de 68 p\u00e1ginas redactada por Lalo V\u00e1zquez Gil, gran periodista y Cronista Oficial de Vigo, adem\u00e1s de poeta, cr\u00edtico de arte, humorista y escultor.<\/p>\n<\/div><div  class='avia-button-wrap av-av_button-f831f33e8c22eb2843ec87c2e5dd5f46-wrap avia-button-right ' ><a href='https:\/\/museosanitariovigo.es\/wp-content\/uploads\/2017\/10\/Dende-Elduayen-o-Nicolas-Pena.pdf' class='avia-button av-av_button-f831f33e8c22eb2843ec87c2e5dd5f46 avia-icon_select-no avia-size-large avia-position-right avia-color-theme-color' target=\"_blank\" rel=\"noopener noreferrer\"><span class='avia_iconbox_title' >Descargar libro<\/span><\/a><\/div><\/div><\/div>\n\n<\/div><\/div><\/div><!-- close content main div --><\/div><\/div><div id='av_section_3'  class='avia-section av-av_section-e20ec1361547d950b6e2569930d6aa41 main_color avia-section-default avia-no-shadow  avia-builder-el-10  el_after_av_section  avia-builder-el-last  avia-bg-style-scroll container_wrap fullsize'  ><div class='container av-section-cont-open' ><div class='template-page content  av-content-full alpha units'><div class='post-entry post-entry-type-page post-entry-1815'><div class='entry-content-wrapper clearfix'>\n\n<style type=\"text\/css\" data-created_by=\"avia_inline_auto\" id=\"style-css-av-av_one_fourth-15d750bd1b332b34c6e70b077ebbccdf\">\n.flex_column.av-av_one_fourth-15d750bd1b332b34c6e70b077ebbccdf{\n-webkit-border-radius:0px 0px 0px 0px;\n-moz-border-radius:0px 0px 0px 0px;\nborder-radius:0px 0px 0px 0px;\npadding:0px 0px 0px 0px;\n}\n<\/style>\n<div class='flex_column av-av_one_fourth-15d750bd1b332b34c6e70b077ebbccdf av_one_fourth  avia-builder-el-11  el_before_av_three_fourth  avia-builder-el-first  first flex_column_div av-zero-column-padding '     ><style type=\"text\/css\" data-created_by=\"avia_inline_auto\" id=\"style-css-av-av_image-bfaf34f29de6fbaf7f35bf8efd4afcd7\">\n.avia-image-container.av-av_image-bfaf34f29de6fbaf7f35bf8efd4afcd7 img.avia_image{\nbox-shadow:none;\n}\n.avia-image-container.av-av_image-bfaf34f29de6fbaf7f35bf8efd4afcd7 .av-caption-image-overlay-bg{\nopacity:0.4;\nbackground-color:#000000;\n}\n.avia-image-container.av-av_image-bfaf34f29de6fbaf7f35bf8efd4afcd7 .av-image-caption-overlay-center{\ncolor:#ffffff;\n}\n<\/style>\n<div  class='avia-image-container av-av_image-bfaf34f29de6fbaf7f35bf8efd4afcd7 av-styling-no-styling av-hover-grow avia-align-center  avia-builder-el-12  avia-builder-el-no-sibling  noHover av-overlay-on-hover'   itemprop=\"image\" itemscope=\"itemscope\" itemtype=\"https:\/\/schema.org\/ImageObject\" ><div class=\"avia-image-container-inner\"><div class=\"avia-image-overlay-wrap\"><div class=\"av-image-caption-overlay\"><div class=\"av-caption-image-overlay-bg\"><\/div><div class=\"av-image-caption-overlay-position\"><div class=\"av-image-caption-overlay-center\"><p>50 ANIVERSARIO DO HOSPITAL XERAL. 1955-2005<\/p>\n<\/div><\/div><\/div><img class='wp-image-2262 avia-img-lazy-loading-not-2262 avia_image ' src=\"https:\/\/museosanitariovigo.es\/wp-content\/uploads\/2017\/09\/facsimil-xeral.jpg\" alt='' title='facsimil-xeral'  height=\"560\" width=\"487\"  itemprop=\"thumbnailUrl\" srcset=\"https:\/\/museosanitariovigo.es\/wp-content\/uploads\/2017\/09\/facsimil-xeral.jpg 487w, https:\/\/museosanitariovigo.es\/wp-content\/uploads\/2017\/09\/facsimil-xeral-261x300.jpg 261w, https:\/\/museosanitariovigo.es\/wp-content\/uploads\/2017\/09\/facsimil-xeral-450x517.jpg 450w\" sizes=\"(max-width: 487px) 100vw, 487px\" \/><\/div><\/div><\/div><\/div>\n<style type=\"text\/css\" data-created_by=\"avia_inline_auto\" id=\"style-css-av-av_three_fourth-c8fc129dc35fd1ae2a1e410224d39ea8\">\n.flex_column.av-av_three_fourth-c8fc129dc35fd1ae2a1e410224d39ea8{\n-webkit-border-radius:0px 0px 0px 0px;\n-moz-border-radius:0px 0px 0px 0px;\nborder-radius:0px 0px 0px 0px;\npadding:0px 0px 0px 0px;\n}\n<\/style>\n<div class='flex_column av-av_three_fourth-c8fc129dc35fd1ae2a1e410224d39ea8 av_three_fourth  avia-builder-el-13  el_after_av_one_fourth  avia-builder-el-last  flex_column_div av-zero-column-padding '     ><div  class='av_promobox av-av_promobox-022e89f3ba7abaf10b21380590794d6c avia-button-yes  avia-builder-el-14  avia-builder-el-no-sibling '><div class='avia-promocontent'><\/p>\n<h3>Folleto facs\u00edmil realizado para la inauguraci\u00f3n de la residencia sanitaria Almirante Vierna.<\/h3>\n<p>Preciada edici\u00f3n de 10 p\u00e1ginas con fotograf\u00edas, planos e ilustraciones de la \u00e9poca.<\/p>\n<\/div><div  class='avia-button-wrap av-av_button-b0b262e9baa85f3ff03d2c23abb8e2a8-wrap avia-button-right ' ><a href='https:\/\/museosanitariovigo.es\/wp-content\/uploads\/2017\/10\/FACSIMIL-XERAL.pdf' class='avia-button av-av_button-b0b262e9baa85f3ff03d2c23abb8e2a8 avia-icon_select-no avia-size-large avia-position-right avia-color-theme-color' target=\"_blank\" rel=\"noopener noreferrer\"><span class='avia_iconbox_title' >Descargar libro<\/span><\/a><\/div><\/div><\/div>\n","protected":false},"excerpt":{"rendered":"","protected":false},"author":1,"featured_media":0,"parent":0,"menu_order":0,"comment_status":"closed","ping_status":"closed","template":"","meta":[],"_links":{"self":[{"href":"https:\/\/museosanitariovigo.es\/es\/wp-json\/wp\/v2\/pages\/1815"}],"collection":[{"href":"https:\/\/museosanitariovigo.es\/es\/wp-json\/wp\/v2\/pages"}],"about":[{"href":"https:\/\/museosanitariovigo.es\/es\/wp-json\/wp\/v2\/types\/page"}],"author":[{"embeddable":true,"href":"https:\/\/museosanitariovigo.es\/es\/wp-json\/wp\/v2\/users\/1"}],"replies":[{"embeddable":true,"href":"https:\/\/museosanitariovigo.es\/es\/wp-json\/wp\/v2\/comments?post=1815"}],"version-history":[{"count":0,"href":"https:\/\/museosanitariovigo.es\/es\/wp-json\/wp\/v2\/pages\/1815\/revisions"}],"wp:attachment":[{"href":"https:\/\/museosanitariovigo.es\/es\/wp-json\/wp\/v2\/media?parent=1815"}],"curies":[{"name":"wp","href":"https:\/\/api.w.org\/{rel}","templated":true}]}}