{"id":3288,"date":"2018-03-06T18:23:16","date_gmt":"2018-03-06T17:23:16","guid":{"rendered":"https:\/\/museosanitariovigo.es\/documentos\/"},"modified":"2018-03-07T09:08:03","modified_gmt":"2018-03-07T08:08:03","slug":"documentos","status":"publish","type":"page","link":"https:\/\/museosanitariovigo.es\/es\/documentos\/","title":{"rendered":"Documentos"},"content":{"rendered":"<div id='av_section_1'  class='avia-section av-av_section-cd7c74cdf1539b7d0d3a74e8733ed279 main_color avia-section-default avia-no-shadow  avia-builder-el-0  avia-builder-el-no-sibling  search avia-bg-style-scroll container_wrap fullsize'  ><div class='container av-section-cont-open' ><main  role=\"main\" itemprop=\"mainContentOfPage\"  class='template-page content  av-content-full alpha units'><div class='post-entry post-entry-type-page post-entry-3288'><div class='entry-content-wrapper clearfix'>\n\n<style type=\"text\/css\" data-created_by=\"avia_inline_auto\" id=\"style-css-av-av_one_third-fa2b126273d4459fc2967fde76623be1\">\n.flex_column.av-av_one_third-fa2b126273d4459fc2967fde76623be1{\n-webkit-border-radius:0px 0px 0px 0px;\n-moz-border-radius:0px 0px 0px 0px;\nborder-radius:0px 0px 0px 0px;\npadding:0px 0px 0px 0px;\n}\n<\/style>\n<div class='flex_column av-av_one_third-fa2b126273d4459fc2967fde76623be1 av_one_third  avia-builder-el-1  el_before_av_two_third  avia-builder-el-first  grid-search-item-filters first flex_column_div av-zero-column-padding '     ><section  class='av_textblock_section av-av_textblock-2de302bf1aa3cf4c9157dbe6f50ac7eb'  itemscope=\"itemscope\" itemtype=\"https:\/\/schema.org\/CreativeWork\" ><div class='avia_textblock'  itemprop=\"text\" ><form data-sf-form-id='3297' data-is-rtl='0' data-maintain-state='' data-results-url='https:\/\/museosanitariovigo.es\/es\/documentos\/' data-ajax-url='https:\/\/museosanitariovigo.es\/es\/?sfid=3297&amp;sf_action=get_data&amp;sf_data=results' data-ajax-form-url='https:\/\/museosanitariovigo.es\/es\/?sfid=3297&amp;sf_action=get_data&amp;sf_data=form' data-display-result-method='shortcode' data-use-history-api='1' data-template-loaded='0' data-lang-code='es' data-ajax='1' data-ajax-data-type='json' data-ajax-links-selector='.pagination a' data-ajax-target='#search-filter-results-3297' data-ajax-pagination-type='infinite_scroll' data-show-scroll-loader='1' data-infinite-scroll-trigger='-100' data-update-ajax-url='1' data-only-results-ajax='1' data-scroll-to-pos='window' data-scroll-on-action='all' data-init-paged='1' data-auto-update='1' action='https:\/\/museosanitariovigo.es\/es\/documentos\/' method='post' class='searchandfilter' id='search-filter-form-3297' autocomplete='off' data-instance-count='1'><ul><li class=\"sf-field-search\" data-sf-field-name=\"search\" data-sf-field-type=\"search\" data-sf-field-input-type=\"\"><h4>BUSCAR DOCUMENTOS<\/h4>\t\t<label><input placeholder=\"Buscar \u2026\" name=\"_sf_search[]\" class=\"sf-input-text\" type=\"text\" value=\"\" title=\"\"><\/label>\t\t<\/li><li class=\"sf-field-taxonomy-hospital\" data-sf-field-name=\"_sft_hospital\" data-sf-field-type=\"taxonomy\" data-sf-field-input-type=\"select\"><h4>Hospitales de Vigo<\/h4>\t\t<label>\r\n\t\t\t\t<select name=\"_sft_hospital[]\" class=\"sf-input-select\" title=\"\">\r\n\t\t\t\r\n\t\t\t\t\t\t<option class=\"sf-level-0 sf-item-0 sf-option-active\" selected=\"selected\" data-sf-count=\"0\" data-sf-depth=\"0\" value=\"\">Todos los hospitales<\/option>\r\n\t\t\t\t\t\t<option class=\"sf-level-0 sf-item-82\" data-sf-count=\"1\" data-sf-depth=\"0\" value=\"centros-de-atencion-primaria-es\">Centros de Atenci\u00f3n Primaria<\/option>\r\n\t\t\t\t\t\t<option class=\"sf-level-0 sf-item-83\" data-sf-count=\"14\" data-sf-depth=\"0\" value=\"hospital-alvaro-cunqueiro-es\">Hospital \u00c1lvaro Cunqueiro<\/option>\r\n\t\t\t\t\t\t<option class=\"sf-level-0 sf-item-84\" data-sf-count=\"2\" data-sf-depth=\"0\" value=\"hospital-meixoeiro-es\">Hospital Meixoeiro<\/option>\r\n\t\t\t\t\t\t<option class=\"sf-level-0 sf-item-85\" data-sf-count=\"4\" data-sf-depth=\"0\" value=\"hospital-nicolas-pena-es\">Hospital Nicolas Pe\u00f1a<\/option>\r\n\t\t\t\t\t\t<option class=\"sf-level-0 sf-item-86\" data-sf-count=\"5\" data-sf-depth=\"0\" value=\"hospital-rebullon-es\">Hospital Rebull\u00f3n<\/option>\r\n\t\t\t\t\t\t<option class=\"sf-level-0 sf-item-87\" data-sf-count=\"17\" data-sf-depth=\"0\" value=\"hospital-xeral-es\">Hospital Xeral<\/option>\r\n\t\t\t\t\t\t<option class=\"sf-level-0 sf-item-88\" data-sf-count=\"2\" data-sf-depth=\"0\" value=\"policlinico-cies-es\">Policl\u00ednico C\u00edes<\/option>\r\n\t\t\t\t\t\t<option class=\"sf-level-0 sf-item-171\" data-sf-count=\"1\" data-sf-depth=\"0\" value=\"povisa-es\">Povisa<\/option>\r\n\t\t\t\t\t<\/select>\r\n\t\t<\/label>\t\t<\/li><li class=\"sf-field-taxonomy-servizo\" data-sf-field-name=\"_sft_servizo\" data-sf-field-type=\"taxonomy\" data-sf-field-input-type=\"select\"><h4>Servicios hospitalarios<\/h4>\t\t<label>\r\n\t\t\t\t<select name=\"_sft_servizo[]\" class=\"sf-input-select\" title=\"\">\r\n\t\t\t\r\n\t\t\t\t\t\t<option class=\"sf-level-0 sf-item-0 sf-option-active\" selected=\"selected\" data-sf-count=\"0\" data-sf-depth=\"0\" value=\"\">Todos los servicios<\/option>\r\n\t\t\t\t\t\t<option class=\"sf-level-0 sf-item-326\" data-sf-count=\"2\" data-sf-depth=\"0\" value=\"servizo-de-analises-clinicas-es\">Servizo de An\u00e1lises Cl\u00ednicas<\/option>\r\n\t\t\t\t\t\t<option class=\"sf-level-0 sf-item-94\" data-sf-count=\"4\" data-sf-depth=\"0\" value=\"servizo-de-anatomia-patoloxica-es\">Servizo de Anatom\u00eda Patol\u00f3xica<\/option>\r\n\t\t\t\t\t\t<option class=\"sf-level-0 sf-item-91\" data-sf-count=\"1\" data-sf-depth=\"0\" value=\"servizo-de-anestesioloxia-e-reanimacion-es\">Servizo de Anestesiolox\u00eda e Reanimaci\u00f3n<\/option>\r\n\t\t\t\t\t\t<option class=\"sf-level-0 sf-item-127\" data-sf-count=\"1\" data-sf-depth=\"0\" value=\"servizo-de-aparello-dixestivo-es\">Servizo de Aparello Dixestivo<\/option>\r\n\t\t\t\t\t\t<option class=\"sf-level-0 sf-item-197\" data-sf-count=\"1\" data-sf-depth=\"0\" value=\"servizo-de-cirurxia-plastica-estetica-e-reparadora-es\">Servizo de Cirurx\u00eda Pl\u00e1stica, Est\u00e9tica e Reparadora<\/option>\r\n\t\t\t\t\t\t<option class=\"sf-level-0 sf-item-187\" data-sf-count=\"1\" data-sf-depth=\"0\" value=\"servizo-de-cirurxia-toracica-es\">Servizo de Cirurx\u00eda Tor\u00e1cica<\/option>\r\n\t\t\t\t\t\t<option class=\"sf-level-0 sf-item-128\" data-sf-count=\"1\" data-sf-depth=\"0\" value=\"servizo-de-cirurxia-xeral-e-do-aparello-dixestivo-es\">Servizo de Cirurx\u00eda Xeral e do Aparello Dixestivo<\/option>\r\n\t\t\t\t\t\t<option class=\"sf-level-0 sf-item-177\" data-sf-count=\"1\" data-sf-depth=\"0\" value=\"servizo-de-farmacia-hospitalaria-es\">Servizo de Farmacia Hospitalaria<\/option>\r\n\t\t\t\t\t\t<option class=\"sf-level-0 sf-item-198\" data-sf-count=\"2\" data-sf-depth=\"0\" value=\"servizo-de-medicina-fisica-e-rehabilitacion-es\">Servizo de Medicina F\u00edsica e Rehabilitaci\u00f3n<\/option>\r\n\t\t\t\t\t\t<option class=\"sf-level-0 sf-item-178\" data-sf-count=\"1\" data-sf-depth=\"0\" value=\"servizo-de-microbioloxia-e-parasitoloxia-es\">Servizo de Microbiolox\u00eda e Parasitolox\u00eda<\/option>\r\n\t\t\t\t\t\t<option class=\"sf-level-0 sf-item-264\" data-sf-count=\"2\" data-sf-depth=\"0\" value=\"servizo-de-nefroloxia-es\">Servizo de Nefrolox\u00eda<\/option>\r\n\t\t\t\t\t\t<option class=\"sf-level-0 sf-item-245\" data-sf-count=\"1\" data-sf-depth=\"0\" value=\"servizo-de-neurocirurxia-es\">Servizo de Neurocirurx\u00eda<\/option>\r\n\t\t\t\t\t\t<option class=\"sf-level-0 sf-item-368\" data-sf-count=\"1\" data-sf-depth=\"0\" value=\"servizo-de-neuroloxia-es\">Servizo de Neurolox\u00eda<\/option>\r\n\t\t\t\t\t\t<option class=\"sf-level-0 sf-item-132\" data-sf-count=\"4\" data-sf-depth=\"0\" value=\"servizo-de-oftalmoloxia-es\">Servizo de Oftalmolox\u00eda<\/option>\r\n\t\t\t\t\t\t<option class=\"sf-level-0 sf-item-165\" data-sf-count=\"1\" data-sf-depth=\"0\" value=\"servizo-de-otorrinolaringoloxia-es\">Servizo de Otorrinolaringolox\u00eda<\/option>\r\n\t\t\t\t\t\t<option class=\"sf-level-0 sf-item-258\" data-sf-count=\"1\" data-sf-depth=\"0\" value=\"servizo-de-radiodiagnostico-es\">Servizo de Radiodiagn\u00f3stico<\/option>\r\n\t\t\t\t\t\t<option class=\"sf-level-0 sf-item-259\" data-sf-count=\"2\" data-sf-depth=\"0\" value=\"servizo-de-radioloxia-es\">Servizo de Radiolox\u00eda<\/option>\r\n\t\t\t\t\t\t<option class=\"sf-level-0 sf-item-214\" data-sf-count=\"3\" data-sf-depth=\"0\" value=\"servizo-de-rehabilitacion-es\">Servizo de Rehabilitaci\u00f3n<\/option>\r\n\t\t\t\t\t\t<option class=\"sf-level-0 sf-item-199\" data-sf-count=\"1\" data-sf-depth=\"0\" value=\"servizo-de-reumatoloxia-es\">Servizo de Reumatolox\u00eda<\/option>\r\n\t\t\t\t\t<\/select>\r\n\t\t<\/label>\t\t<\/li><li class=\"sf-field-post-meta-wpcf-tematica-documento\" data-sf-field-name=\"_sfm_wpcf-tematica-documento\" data-sf-field-type=\"post_meta\" data-sf-field-input-type=\"select\" data-sf-meta-type=\"choice\"><h4>Tem\u00e1tica documento<\/h4>\t\t<label>\r\n\t\t\t\t<select name=\"_sfm_wpcf-tematica-documento[]\" class=\"sf-input-select\" title=\"\">\r\n\t\t\t\r\n\t\t\t\t\t\t<option class=\"sf-level-0 sf-item-0 sf-option-active\" selected=\"selected\" data-sf-depth=\"0\" value=\"\">Seleccionar tem\u00e1tica<\/option>\r\n\t\t\t\t\t\t<option class=\"sf-level-0 \" data-sf-count=\"-1\" data-sf-depth=\"0\" value=\"Institucional\">Institucional<\/option>\r\n\t\t\t\t\t\t<option class=\"sf-level-0 \" data-sf-count=\"-1\" data-sf-depth=\"0\" value=\"Sanitaria\">Sanitaria<\/option>\r\n\t\t\t\t\t<\/select>\r\n\t\t<\/label>\t\t<\/li><li class=\"sf-field-post-meta-wpcf-procedencia-e-ubicacion-do-documento\" data-sf-field-name=\"_sfm_wpcf-procedencia-e-ubicacion-do-documento\" data-sf-field-type=\"post_meta\" data-sf-field-input-type=\"select\" data-sf-meta-type=\"choice\"><h4>Procedencia<\/h4>\t\t<label>\r\n\t\t\t\t<select name=\"_sfm_wpcf-procedencia-e-ubicacion-do-documento[]\" class=\"sf-input-select\" title=\"\">\r\n\t\t\t\r\n\t\t\t\t\t\t<option class=\"sf-level-0 sf-item-0 sf-option-active\" selected=\"selected\" data-sf-depth=\"0\" value=\"\">Cualquier procedencia<\/option>\r\n\t\t\t\t\t\t<option class=\"sf-level-0 \" data-sf-count=\"-1\" data-sf-depth=\"0\" value=\"Lugo\">Lugo<\/option>\r\n\t\t\t\t\t\t<option class=\"sf-level-0 \" data-sf-count=\"-1\" data-sf-depth=\"0\" value=\"Pontevedra\">Pontevedra<\/option>\r\n\t\t\t\t\t<\/select>\r\n\t\t<\/label>\t\t<\/li><li class=\"sf-field-post-meta-wpcf-epoca-documento\" data-sf-field-name=\"_sfm_wpcf-epoca-documento\" data-sf-field-type=\"post_meta\" data-sf-field-input-type=\"select\" data-sf-meta-type=\"choice\"><h4>\u00c9poca<\/h4>\t\t<label>\r\n\t\t\t\t<select name=\"_sfm_wpcf-epoca-documento[]\" class=\"sf-input-select\" title=\"\">\r\n\t\t\t\r\n\t\t\t\t\t\t<option class=\"sf-level-0 sf-item-0 sf-option-active\" selected=\"selected\" data-sf-depth=\"0\" value=\"\">Cualquiera<\/option>\r\n\t\t\t\t\t\t<option class=\"sf-level-0 \" data-sf-count=\"-1\" data-sf-depth=\"0\" value=\"Entre 1900-1924\">Entre 1900-1924<\/option>\r\n\t\t\t\t\t\t<option class=\"sf-level-0 \" data-sf-count=\"-1\" data-sf-depth=\"0\" value=\"Entre 1950-1999\">Entre 1950-1999<\/option>\r\n\t\t\t\t\t\t<option class=\"sf-level-0 \" data-sf-count=\"-1\" data-sf-depth=\"0\" value=\"S\u00e9culo XIX\">S\u00e9culo XIX<\/option>\r\n\t\t\t\t\t\t<option class=\"sf-level-0 \" data-sf-count=\"-1\" data-sf-depth=\"0\" value=\"S\u00e9culo XXI\">S\u00e9culo XXI<\/option>\r\n\t\t\t\t\t<\/select>\r\n\t\t<\/label>\t\t<\/li><li class=\"sf-field-post-meta-wpcf-formato-documento\" data-sf-field-name=\"_sfm_wpcf-formato-documento\" data-sf-field-type=\"post_meta\" data-sf-field-input-type=\"select\" data-sf-meta-type=\"choice\"><h4>Formato<\/h4>\t\t<label>\r\n\t\t\t\t<select name=\"_sfm_wpcf-formato-documento[]\" class=\"sf-input-select\" title=\"\">\r\n\t\t\t\r\n\t\t\t\t\t\t<option class=\"sf-level-0 sf-item-0 sf-option-active\" selected=\"selected\" data-sf-depth=\"0\" value=\"\">Cualquier formato<\/option>\r\n\t\t\t\t\t\t<option class=\"sf-level-0 \" data-sf-count=\"-1\" data-sf-depth=\"0\" value=\"Papel manuscrito\">Papel manuscrito<\/option>\r\n\t\t\t\t\t<\/select>\r\n\t\t<\/label>\t\t<\/li><li class=\"sf-field-sort_order\" data-sf-field-name=\"_sf_sort_order\" data-sf-field-type=\"sort_order\" data-sf-field-input-type=\"select\"><h4>Ordenar<\/h4>\t\t<label>\r\n\t\t\t\t<select name=\"_sf_sort_order[]\" class=\"sf-input-select\" title=\"\">\r\n\t\t\t\r\n\t\t\t\t\t\t<option class=\"sf-level-0 sf-item-0 sf-option-active\" selected=\"selected\" data-sf-depth=\"0\" value=\"\">Orden por defecto<\/option>\r\n\t\t\t\t\t\t<option class=\"sf-level-0 \" data-sf-depth=\"0\" value=\"title+desc\">Ordenar por nombre<\/option>\r\n\t\t\t\t\t\t<option class=\"sf-level-0 \" data-sf-depth=\"0\" value=\"date+desc\">\u00daltimos registrados<\/option>\r\n\t\t\t\t\t<\/select>\r\n\t\t<\/label>\t\t<\/li><li class=\"sf-field-reset\" data-sf-field-name=\"reset\" data-sf-field-type=\"reset\" data-sf-field-input-type=\"button\"><h4>Borrar filtros<\/h4><input type=\"submit\" class=\"search-filter-reset\" name=\"_sf_reset\" value=\"Eliminar\" data-search-form-id=\"3297\" data-sf-submit-form=\"always\"><\/li><\/ul><\/form>\n<\/div><\/section><\/div>\n<style type=\"text\/css\" data-created_by=\"avia_inline_auto\" id=\"style-css-av-av_two_third-c8fc129dc35fd1ae2a1e410224d39ea8\">\n.flex_column.av-av_two_third-c8fc129dc35fd1ae2a1e410224d39ea8{\n-webkit-border-radius:0px 0px 0px 0px;\n-moz-border-radius:0px 0px 0px 0px;\nborder-radius:0px 0px 0px 0px;\npadding:0px 0px 0px 0px;\n}\n<\/style>\n<div class='flex_column av-av_two_third-c8fc129dc35fd1ae2a1e410224d39ea8 av_two_third  avia-builder-el-3  el_after_av_one_third  avia-builder-el-last  flex_column_div av-zero-column-padding '     ><section  class='av_textblock_section av-av_textblock-2de302bf1aa3cf4c9157dbe6f50ac7eb'  itemscope=\"itemscope\" itemtype=\"https:\/\/schema.org\/CreativeWork\" ><div class='avia_textblock'  itemprop=\"text\" ><div class=\"search-filter-results\" id=\"search-filter-results-3297\"><div class='grid-search'>\t\t<div class='grid-search-item'>\n\t\t<a href=\"https:\/\/museosanitariovigo.es\/es\/documento\/documento-de-ingreso-en-el-hospital-elduayen\/\">\n\n\t\t\t<img width=\"705\" height=\"394\" src=\"https:\/\/museosanitariovigo.es\/wp-content\/uploads\/2018\/03\/IMG_1689-1-1030x575-705x394.jpg\" class=\"wp-image-2895 avia-img-lazy-loading-2895 attachment-masonry size-masonry wp-post-image\" alt=\"\" loading=\"lazy\" srcset=\"https:\/\/museosanitariovigo.es\/wp-content\/uploads\/2018\/03\/IMG_1689-1-1030x575-705x394.jpg 705w, https:\/\/museosanitariovigo.es\/wp-content\/uploads\/2018\/03\/IMG_1689-1-1030x575-300x167.jpg 300w, https:\/\/museosanitariovigo.es\/wp-content\/uploads\/2018\/03\/IMG_1689-1-1030x575-768x429.jpg 768w, https:\/\/museosanitariovigo.es\/wp-content\/uploads\/2018\/03\/IMG_1689-1-1030x575.jpg 1030w, https:\/\/museosanitariovigo.es\/wp-content\/uploads\/2018\/03\/IMG_1689-1-1030x575-450x251.jpg 450w\" sizes=\"(max-width: 705px) 100vw, 705px\" \/>\n\t\t\t\n\t\t\t<div class=\"content\">\n\t\t\t\t<h2>Documento de ingreso en el Hospital Elduayen<\/h2>\n\t\t\t\t<p><p>Documento de ingreso en el Hospital Elduayen, datado en 1896. Original tama\u00f1o  cuartilla manuscrito sobre papel por las dos caras.<\/p>\n<p>\n\t\t\t<\/div>\n\t\t\t\n\t\t\t<\/a>\n\t\t<\/div>\n\t\t\n\t\t\n\t\t\t\t<div class='grid-search-item'>\n\t\t<a href=\"https:\/\/museosanitariovigo.es\/es\/documento\/medalla-de-oro-de-la-ciudad-de-vigo-concedida-al-hospital-xeral\/\">\n\n\t\t\t<img width=\"705\" height=\"381\" src=\"https:\/\/museosanitariovigo.es\/wp-content\/uploads\/2018\/03\/MEDALLA-OURO-1-3-705x381.jpg\" class=\"wp-image-3348 avia-img-lazy-loading-3348 attachment-masonry size-masonry wp-post-image\" alt=\"\" loading=\"lazy\" srcset=\"https:\/\/museosanitariovigo.es\/wp-content\/uploads\/2018\/03\/MEDALLA-OURO-1-3-705x381.jpg 705w, https:\/\/museosanitariovigo.es\/wp-content\/uploads\/2018\/03\/MEDALLA-OURO-1-3-300x162.jpg 300w, https:\/\/museosanitariovigo.es\/wp-content\/uploads\/2018\/03\/MEDALLA-OURO-1-3-450x243.jpg 450w, https:\/\/museosanitariovigo.es\/wp-content\/uploads\/2018\/03\/MEDALLA-OURO-1-3.jpg 755w\" sizes=\"(max-width: 705px) 100vw, 705px\" \/>\n\t\t\t\n\t\t\t<div class=\"content\">\n\t\t\t\t<h2>Medalla de oro de la Ciudad de Vigo concedida al Hospital Xeral<\/h2>\n\t\t\t\t<p><p>Medalla de Oro de la Ciudad de Vigo concedida al Hospital Xeral en el a\u00f1o 2005.<\/p>\n<p>\n\t\t\t<\/div>\n\t\t\t\n\t\t\t<\/a>\n\t\t<\/div>\n\t\t\n\t\t\n\t\t\t\t<div class='grid-search-item'>\n\t\t<a href=\"https:\/\/museosanitariovigo.es\/es\/documento\/solicitud-de-trabajo\/\">\n\n\t\t\t<img width=\"705\" height=\"491\" src=\"https:\/\/museosanitariovigo.es\/wp-content\/uploads\/2018\/03\/IMG_1686-1-1030x717-705x491.jpg\" class=\"wp-image-2903 avia-img-lazy-loading-2903 attachment-masonry size-masonry wp-post-image\" alt=\"\" loading=\"lazy\" srcset=\"https:\/\/museosanitariovigo.es\/wp-content\/uploads\/2018\/03\/IMG_1686-1-1030x717-705x491.jpg 705w, https:\/\/museosanitariovigo.es\/wp-content\/uploads\/2018\/03\/IMG_1686-1-1030x717-300x209.jpg 300w, https:\/\/museosanitariovigo.es\/wp-content\/uploads\/2018\/03\/IMG_1686-1-1030x717-768x535.jpg 768w, https:\/\/museosanitariovigo.es\/wp-content\/uploads\/2018\/03\/IMG_1686-1-1030x717.jpg 1030w, https:\/\/museosanitariovigo.es\/wp-content\/uploads\/2018\/03\/IMG_1686-1-1030x717-450x313.jpg 450w\" sizes=\"(max-width: 705px) 100vw, 705px\" \/>\n\t\t\t\n\t\t\t<div class=\"content\">\n\t\t\t\t<h2>Solicitud de trabajo<\/h2>\n\t\t\t\t<p><p>Documento de solicitud de puesto de trabajo datado en 1959. Original manuscrito sobre papel. Tama\u00f1o folio.<\/p>\n<p>\n\t\t\t<\/div>\n\t\t\t\n\t\t\t<\/a>\n\t\t<\/div>\n\t\t\n\t\t\n\t\t\t\t<div class='grid-search-item'>\n\t\t<a href=\"https:\/\/museosanitariovigo.es\/es\/documento\/libro-de-registro-del-hospital-municipal\/\">\n\n\t\t\t<img width=\"705\" height=\"504\" src=\"https:\/\/museosanitariovigo.es\/wp-content\/uploads\/2018\/03\/libro-registro-1-1030x736-705x504.jpg\" class=\"wp-image-2898 avia-img-lazy-loading-2898 attachment-masonry size-masonry wp-post-image\" alt=\"\" loading=\"lazy\" srcset=\"https:\/\/museosanitariovigo.es\/wp-content\/uploads\/2018\/03\/libro-registro-1-1030x736-705x504.jpg 705w, https:\/\/museosanitariovigo.es\/wp-content\/uploads\/2018\/03\/libro-registro-1-1030x736-300x214.jpg 300w, https:\/\/museosanitariovigo.es\/wp-content\/uploads\/2018\/03\/libro-registro-1-1030x736-768x549.jpg 768w, https:\/\/museosanitariovigo.es\/wp-content\/uploads\/2018\/03\/libro-registro-1-1030x736.jpg 1030w, https:\/\/museosanitariovigo.es\/wp-content\/uploads\/2018\/03\/libro-registro-1-1030x736-260x185.jpg 260w, https:\/\/museosanitariovigo.es\/wp-content\/uploads\/2018\/03\/libro-registro-1-1030x736-450x322.jpg 450w\" sizes=\"(max-width: 705px) 100vw, 705px\" \/>\n\t\t\t\n\t\t\t<div class=\"content\">\n\t\t\t\t<h2>Libro de Registro del Hospital Municipal<\/h2>\n\t\t\t\t<p><p>Libro de registro del Hospital Municipal (Hospital Elduayen).<\/p>\n<p>\n\t\t\t<\/div>\n\t\t\t\n\t\t\t<\/a>\n\t\t<\/div>\n\t\t\n\t\t\n\t\t\t\t<div class='grid-search-item'>\n\t\t<a href=\"https:\/\/museosanitariovigo.es\/es\/documento\/redaccion-do-regulamento-do-hospital-elduayen\/\">\n\n\t\t\t<img width=\"705\" height=\"510\" src=\"https:\/\/museosanitariovigo.es\/wp-content\/uploads\/2017\/12\/IMG_1690-1-1030x745-705x510.jpg\" class=\"wp-image-2658 avia-img-lazy-loading-2658 attachment-masonry size-masonry wp-post-image\" alt=\"\" loading=\"lazy\" srcset=\"https:\/\/museosanitariovigo.es\/wp-content\/uploads\/2017\/12\/IMG_1690-1-1030x745-705x510.jpg 705w, https:\/\/museosanitariovigo.es\/wp-content\/uploads\/2017\/12\/IMG_1690-1-1030x745-300x217.jpg 300w, https:\/\/museosanitariovigo.es\/wp-content\/uploads\/2017\/12\/IMG_1690-1-1030x745-768x555.jpg 768w, https:\/\/museosanitariovigo.es\/wp-content\/uploads\/2017\/12\/IMG_1690-1-1030x745.jpg 1030w, https:\/\/museosanitariovigo.es\/wp-content\/uploads\/2017\/12\/IMG_1690-1-1030x745-450x325.jpg 450w\" sizes=\"(max-width: 705px) 100vw, 705px\" \/>\n\t\t\t\n\t\t\t<div class=\"content\">\n\t\t\t\t<h2>Redacci\u00f3n del reglamento del Hospital Elduayen<\/h2>\n\t\t\t\t<p><p>Redacci\u00f3n del reglamento del Hospital Elduayen. Estatutos datados en el a\u00f1o 1896, manuscritos en tama\u00f1o  cuartilla.<\/p>\n<p>\n\t\t\t<\/div>\n\t\t\t\n\t\t\t<\/a>\n\t\t<\/div>\n\t\t\n\t\t\n\t\t\t\n\n\t<\/div><\/div>\n<\/div><\/section><\/div>\n","protected":false},"excerpt":{"rendered":"","protected":false},"author":1,"featured_media":0,"parent":0,"menu_order":0,"comment_status":"closed","ping_status":"closed","template":"","meta":[],"_links":{"self":[{"href":"https:\/\/museosanitariovigo.es\/es\/wp-json\/wp\/v2\/pages\/3288"}],"collection":[{"href":"https:\/\/museosanitariovigo.es\/es\/wp-json\/wp\/v2\/pages"}],"about":[{"href":"https:\/\/museosanitariovigo.es\/es\/wp-json\/wp\/v2\/types\/page"}],"author":[{"embeddable":true,"href":"https:\/\/museosanitariovigo.es\/es\/wp-json\/wp\/v2\/users\/1"}],"replies":[{"embeddable":true,"href":"https:\/\/museosanitariovigo.es\/es\/wp-json\/wp\/v2\/comments?post=3288"}],"version-history":[{"count":3,"href":"https:\/\/museosanitariovigo.es\/es\/wp-json\/wp\/v2\/pages\/3288\/revisions"}],"predecessor-version":[{"id":3291,"href":"https:\/\/museosanitariovigo.es\/es\/wp-json\/wp\/v2\/pages\/3288\/revisions\/3291"}],"wp:attachment":[{"href":"https:\/\/museosanitariovigo.es\/es\/wp-json\/wp\/v2\/media?parent=3288"}],"curies":[{"name":"wp","href":"https:\/\/api.w.org\/{rel}","templated":true}]}}