{"id":3325,"date":"2018-03-06T19:53:51","date_gmt":"2018-03-06T18:53:51","guid":{"rendered":"https:\/\/museosanitariovigo.es\/imaxes\/"},"modified":"2018-03-07T09:38:14","modified_gmt":"2018-03-07T08:38:14","slug":"imagenes","status":"publish","type":"page","link":"https:\/\/museosanitariovigo.es\/es\/imagenes\/","title":{"rendered":"Im\u00e1genes"},"content":{"rendered":"<div id='av_section_1'  class='avia-section av-av_section-cd7c74cdf1539b7d0d3a74e8733ed279 main_color avia-section-default avia-no-shadow  avia-builder-el-0  avia-builder-el-no-sibling  search avia-bg-style-scroll container_wrap fullsize'  ><div class='container av-section-cont-open' ><main  role=\"main\" itemprop=\"mainContentOfPage\"  class='template-page content  av-content-full alpha units'><div class='post-entry post-entry-type-page post-entry-3325'><div class='entry-content-wrapper clearfix'>\n\n<style type=\"text\/css\" data-created_by=\"avia_inline_auto\" id=\"style-css-av-av_one_third-fa2b126273d4459fc2967fde76623be1\">\n.flex_column.av-av_one_third-fa2b126273d4459fc2967fde76623be1{\n-webkit-border-radius:0px 0px 0px 0px;\n-moz-border-radius:0px 0px 0px 0px;\nborder-radius:0px 0px 0px 0px;\npadding:0px 0px 0px 0px;\n}\n<\/style>\n<div class='flex_column av-av_one_third-fa2b126273d4459fc2967fde76623be1 av_one_third  avia-builder-el-1  el_before_av_two_third  avia-builder-el-first  grid-search-item-filters first flex_column_div av-zero-column-padding '     ><section  class='av_textblock_section av-av_textblock-2de302bf1aa3cf4c9157dbe6f50ac7eb'  itemscope=\"itemscope\" itemtype=\"https:\/\/schema.org\/CreativeWork\" ><div class='avia_textblock'  itemprop=\"text\" ><form data-sf-form-id='3322' data-is-rtl='0' data-maintain-state='' data-results-url='https:\/\/museosanitariovigo.es\/es\/imagenes\/' data-ajax-url='https:\/\/museosanitariovigo.es\/es\/?sfid=3322&amp;sf_action=get_data&amp;sf_data=results' data-ajax-form-url='https:\/\/museosanitariovigo.es\/es\/?sfid=3322&amp;sf_action=get_data&amp;sf_data=form' data-display-result-method='shortcode' data-use-history-api='1' data-template-loaded='0' data-lang-code='es' data-ajax='1' data-ajax-data-type='json' data-ajax-links-selector='.pagination a' data-ajax-target='#search-filter-results-3322' data-ajax-pagination-type='infinite_scroll' data-show-scroll-loader='1' data-infinite-scroll-trigger='-100' data-update-ajax-url='1' data-only-results-ajax='1' data-scroll-to-pos='window' data-scroll-on-action='all' data-init-paged='1' data-auto-update='1' action='https:\/\/museosanitariovigo.es\/es\/imagenes\/' method='post' class='searchandfilter' id='search-filter-form-3322' autocomplete='off' data-instance-count='1'><ul><li class=\"sf-field-search\" data-sf-field-name=\"search\" data-sf-field-type=\"search\" data-sf-field-input-type=\"\"><h4>BUSCAR IM\u00c1GENES<\/h4>\t\t<label><input placeholder=\"Buscar \u2026\" name=\"_sf_search[]\" class=\"sf-input-text\" type=\"text\" value=\"\" title=\"\"><\/label>\t\t<\/li><li class=\"sf-field-taxonomy-hospital\" data-sf-field-name=\"_sft_hospital\" data-sf-field-type=\"taxonomy\" data-sf-field-input-type=\"select\"><h4>Hospitales de Vigo<\/h4>\t\t<label>\r\n\t\t\t\t<select name=\"_sft_hospital[]\" class=\"sf-input-select\" title=\"\">\r\n\t\t\t\r\n\t\t\t\t\t\t<option class=\"sf-level-0 sf-item-0 sf-option-active\" selected=\"selected\" data-sf-count=\"0\" data-sf-depth=\"0\" value=\"\">Todos los hospitales<\/option>\r\n\t\t\t\t\t\t<option class=\"sf-level-0 sf-item-82\" data-sf-count=\"1\" data-sf-depth=\"0\" value=\"centros-de-atencion-primaria-es\">Centros de Atenci\u00f3n Primaria<\/option>\r\n\t\t\t\t\t\t<option class=\"sf-level-0 sf-item-83\" data-sf-count=\"14\" data-sf-depth=\"0\" value=\"hospital-alvaro-cunqueiro-es\">Hospital \u00c1lvaro Cunqueiro<\/option>\r\n\t\t\t\t\t\t<option class=\"sf-level-0 sf-item-84\" data-sf-count=\"2\" data-sf-depth=\"0\" value=\"hospital-meixoeiro-es\">Hospital Meixoeiro<\/option>\r\n\t\t\t\t\t\t<option class=\"sf-level-0 sf-item-85\" data-sf-count=\"4\" data-sf-depth=\"0\" value=\"hospital-nicolas-pena-es\">Hospital Nicolas Pe\u00f1a<\/option>\r\n\t\t\t\t\t\t<option class=\"sf-level-0 sf-item-86\" data-sf-count=\"5\" data-sf-depth=\"0\" value=\"hospital-rebullon-es\">Hospital Rebull\u00f3n<\/option>\r\n\t\t\t\t\t\t<option class=\"sf-level-0 sf-item-87\" data-sf-count=\"17\" data-sf-depth=\"0\" value=\"hospital-xeral-es\">Hospital Xeral<\/option>\r\n\t\t\t\t\t\t<option class=\"sf-level-0 sf-item-88\" data-sf-count=\"2\" data-sf-depth=\"0\" value=\"policlinico-cies-es\">Policl\u00ednico C\u00edes<\/option>\r\n\t\t\t\t\t\t<option class=\"sf-level-0 sf-item-171\" data-sf-count=\"1\" data-sf-depth=\"0\" value=\"povisa-es\">Povisa<\/option>\r\n\t\t\t\t\t<\/select>\r\n\t\t<\/label>\t\t<\/li><li class=\"sf-field-taxonomy-servizo\" data-sf-field-name=\"_sft_servizo\" data-sf-field-type=\"taxonomy\" data-sf-field-input-type=\"select\"><h4>Servicios hospitalarios<\/h4>\t\t<label>\r\n\t\t\t\t<select name=\"_sft_servizo[]\" class=\"sf-input-select\" title=\"\">\r\n\t\t\t\r\n\t\t\t\t\t\t<option class=\"sf-level-0 sf-item-0 sf-option-active\" selected=\"selected\" data-sf-count=\"0\" data-sf-depth=\"0\" value=\"\">Todos los Servicios<\/option>\r\n\t\t\t\t\t\t<option class=\"sf-level-0 sf-item-326\" data-sf-count=\"2\" data-sf-depth=\"0\" value=\"servizo-de-analises-clinicas-es\">Servizo de An\u00e1lises Cl\u00ednicas<\/option>\r\n\t\t\t\t\t\t<option class=\"sf-level-0 sf-item-94\" data-sf-count=\"4\" data-sf-depth=\"0\" value=\"servizo-de-anatomia-patoloxica-es\">Servizo de Anatom\u00eda Patol\u00f3xica<\/option>\r\n\t\t\t\t\t\t<option class=\"sf-level-0 sf-item-91\" data-sf-count=\"1\" data-sf-depth=\"0\" value=\"servizo-de-anestesioloxia-e-reanimacion-es\">Servizo de Anestesiolox\u00eda e Reanimaci\u00f3n<\/option>\r\n\t\t\t\t\t\t<option class=\"sf-level-0 sf-item-127\" data-sf-count=\"1\" data-sf-depth=\"0\" value=\"servizo-de-aparello-dixestivo-es\">Servizo de Aparello Dixestivo<\/option>\r\n\t\t\t\t\t\t<option class=\"sf-level-0 sf-item-197\" data-sf-count=\"1\" data-sf-depth=\"0\" value=\"servizo-de-cirurxia-plastica-estetica-e-reparadora-es\">Servizo de Cirurx\u00eda Pl\u00e1stica, Est\u00e9tica e Reparadora<\/option>\r\n\t\t\t\t\t\t<option class=\"sf-level-0 sf-item-187\" data-sf-count=\"1\" data-sf-depth=\"0\" value=\"servizo-de-cirurxia-toracica-es\">Servizo de Cirurx\u00eda Tor\u00e1cica<\/option>\r\n\t\t\t\t\t\t<option class=\"sf-level-0 sf-item-128\" data-sf-count=\"1\" data-sf-depth=\"0\" value=\"servizo-de-cirurxia-xeral-e-do-aparello-dixestivo-es\">Servizo de Cirurx\u00eda Xeral e do Aparello Dixestivo<\/option>\r\n\t\t\t\t\t\t<option class=\"sf-level-0 sf-item-177\" data-sf-count=\"1\" data-sf-depth=\"0\" value=\"servizo-de-farmacia-hospitalaria-es\">Servizo de Farmacia Hospitalaria<\/option>\r\n\t\t\t\t\t\t<option class=\"sf-level-0 sf-item-198\" data-sf-count=\"2\" data-sf-depth=\"0\" value=\"servizo-de-medicina-fisica-e-rehabilitacion-es\">Servizo de Medicina F\u00edsica e Rehabilitaci\u00f3n<\/option>\r\n\t\t\t\t\t\t<option class=\"sf-level-0 sf-item-178\" data-sf-count=\"1\" data-sf-depth=\"0\" value=\"servizo-de-microbioloxia-e-parasitoloxia-es\">Servizo de Microbiolox\u00eda e Parasitolox\u00eda<\/option>\r\n\t\t\t\t\t\t<option class=\"sf-level-0 sf-item-264\" data-sf-count=\"2\" data-sf-depth=\"0\" value=\"servizo-de-nefroloxia-es\">Servizo de Nefrolox\u00eda<\/option>\r\n\t\t\t\t\t\t<option class=\"sf-level-0 sf-item-245\" data-sf-count=\"1\" data-sf-depth=\"0\" value=\"servizo-de-neurocirurxia-es\">Servizo de Neurocirurx\u00eda<\/option>\r\n\t\t\t\t\t\t<option class=\"sf-level-0 sf-item-368\" data-sf-count=\"1\" data-sf-depth=\"0\" value=\"servizo-de-neuroloxia-es\">Servizo de Neurolox\u00eda<\/option>\r\n\t\t\t\t\t\t<option class=\"sf-level-0 sf-item-132\" data-sf-count=\"4\" data-sf-depth=\"0\" value=\"servizo-de-oftalmoloxia-es\">Servizo de Oftalmolox\u00eda<\/option>\r\n\t\t\t\t\t\t<option class=\"sf-level-0 sf-item-165\" data-sf-count=\"1\" data-sf-depth=\"0\" value=\"servizo-de-otorrinolaringoloxia-es\">Servizo de Otorrinolaringolox\u00eda<\/option>\r\n\t\t\t\t\t\t<option class=\"sf-level-0 sf-item-258\" data-sf-count=\"1\" data-sf-depth=\"0\" value=\"servizo-de-radiodiagnostico-es\">Servizo de Radiodiagn\u00f3stico<\/option>\r\n\t\t\t\t\t\t<option class=\"sf-level-0 sf-item-259\" data-sf-count=\"2\" data-sf-depth=\"0\" value=\"servizo-de-radioloxia-es\">Servizo de Radiolox\u00eda<\/option>\r\n\t\t\t\t\t\t<option class=\"sf-level-0 sf-item-214\" data-sf-count=\"3\" data-sf-depth=\"0\" value=\"servizo-de-rehabilitacion-es\">Servizo de Rehabilitaci\u00f3n<\/option>\r\n\t\t\t\t\t\t<option class=\"sf-level-0 sf-item-199\" data-sf-count=\"1\" data-sf-depth=\"0\" value=\"servizo-de-reumatoloxia-es\">Servizo de Reumatolox\u00eda<\/option>\r\n\t\t\t\t\t<\/select>\r\n\t\t<\/label>\t\t<\/li><li class=\"sf-field-post-meta-wpcf-epoca-imaxe\" data-sf-field-name=\"_sfm_wpcf-epoca-imaxe\" data-sf-field-type=\"post_meta\" data-sf-field-input-type=\"select\" data-sf-meta-type=\"choice\"><h4>\u00c9poca<\/h4>\t\t<label>\r\n\t\t\t\t<select name=\"_sfm_wpcf-epoca-imaxe[]\" class=\"sf-input-select\" title=\"\">\r\n\t\t\t\r\n\t\t\t\t\t\t<option class=\"sf-level-0 sf-item-0 sf-option-active\" selected=\"selected\" data-sf-depth=\"0\" value=\"\">Todas las \u00e9pocas<\/option>\r\n\t\t\t\t\t\t<option class=\"sf-level-0 \" data-sf-count=\"-1\" data-sf-depth=\"0\" value=\"Entre 1950-1999\">Entre 1950-1999<\/option>\r\n\t\t\t\t\t\t<option class=\"sf-level-0 \" data-sf-count=\"-1\" data-sf-depth=\"0\" value=\"S\u00e9culo XIX\">S\u00e9culo XIX<\/option>\r\n\t\t\t\t\t\t<option class=\"sf-level-0 \" data-sf-count=\"-1\" data-sf-depth=\"0\" value=\"S\u00e9culo XXI\">S\u00e9culo XXI<\/option>\r\n\t\t\t\t\t<\/select>\r\n\t\t<\/label>\t\t<\/li><li class=\"sf-field-post-meta-wpcf-procedencia-e-ubicacion-imaxe\" data-sf-field-name=\"_sfm_wpcf-procedencia-e-ubicacion-imaxe\" data-sf-field-type=\"post_meta\" data-sf-field-input-type=\"select\" data-sf-meta-type=\"choice\"><h4>Procedencia<\/h4>\t\t<label>\r\n\t\t\t\t<select name=\"_sfm_wpcf-procedencia-e-ubicacion-imaxe[]\" class=\"sf-input-select\" title=\"\">\r\n\t\t\t\r\n\t\t\t\t\t\t<option class=\"sf-level-0 sf-item-0 sf-option-active\" selected=\"selected\" data-sf-depth=\"0\" value=\"\">Cualquiera procedencia<\/option>\r\n\t\t\t\t\t\t<option class=\"sf-level-0 \" data-sf-count=\"-1\" data-sf-depth=\"0\" value=\"Pontevedra\">Pontevedra<\/option>\r\n\t\t\t\t\t<\/select>\r\n\t\t<\/label>\t\t<\/li><li class=\"sf-field-post-meta-wpcf-soporte-da-imaxe\" data-sf-field-name=\"_sfm_wpcf-soporte-da-imaxe\" data-sf-field-type=\"post_meta\" data-sf-field-input-type=\"select\" data-sf-meta-type=\"choice\"><h4>Soporte de la imagen<\/h4>\t\t<label>\r\n\t\t\t\t<select name=\"_sfm_wpcf-soporte-da-imaxe[]\" class=\"sf-input-select\" title=\"\">\r\n\t\t\t\r\n\t\t\t\t\t\t<option class=\"sf-level-0 sf-item-0 sf-option-active\" selected=\"selected\" data-sf-depth=\"0\" value=\"\">Todos los soportes<\/option>\r\n\t\t\t\t\t\t<option class=\"sf-level-0 \" data-sf-count=\"-1\" data-sf-depth=\"0\" value=\"B\/N (Papeles baritados )\">B\/N (Papeles baritados )<\/option>\r\n\t\t\t\t\t\t<option class=\"sf-level-0 \" data-sf-count=\"-1\" data-sf-depth=\"0\" value=\"Color (Papel positivo)\">Color (Papel positivo)<\/option>\r\n\t\t\t\t\t\t<option class=\"sf-level-0 \" data-sf-count=\"-1\" data-sf-depth=\"0\" value=\"Negativo en blanco y negro\">Negativo en blanco y negro<\/option>\r\n\t\t\t\t\t<\/select>\r\n\t\t<\/label>\t\t<\/li><li class=\"sf-field-sort_order\" data-sf-field-name=\"_sf_sort_order\" data-sf-field-type=\"sort_order\" data-sf-field-input-type=\"select\"><h4>Ordenar<\/h4>\t\t<label>\r\n\t\t\t\t<select name=\"_sf_sort_order[]\" class=\"sf-input-select\" title=\"\">\r\n\t\t\t\r\n\t\t\t\t\t\t<option class=\"sf-level-0 sf-item-0 sf-option-active\" selected=\"selected\" data-sf-depth=\"0\" value=\"\">Orden por defecto<\/option>\r\n\t\t\t\t\t\t<option class=\"sf-level-0 \" data-sf-depth=\"0\" value=\"title+asc\">Ordenar por nombre<\/option>\r\n\t\t\t\t\t\t<option class=\"sf-level-0 \" data-sf-depth=\"0\" value=\"date+desc\">\u00daltimos registrados<\/option>\r\n\t\t\t\t\t<\/select>\r\n\t\t<\/label>\t\t<\/li><li class=\"sf-field-reset\" data-sf-field-name=\"reset\" data-sf-field-type=\"reset\" data-sf-field-input-type=\"button\"><h4>Borrar filtros<\/h4><input type=\"submit\" class=\"search-filter-reset\" name=\"_sf_reset\" value=\"Eliminar\" data-search-form-id=\"3322\" data-sf-submit-form=\"always\"><\/li><\/ul><\/form>\n<\/div><\/section><\/div>\n<style type=\"text\/css\" data-created_by=\"avia_inline_auto\" id=\"style-css-av-av_two_third-c8fc129dc35fd1ae2a1e410224d39ea8\">\n.flex_column.av-av_two_third-c8fc129dc35fd1ae2a1e410224d39ea8{\n-webkit-border-radius:0px 0px 0px 0px;\n-moz-border-radius:0px 0px 0px 0px;\nborder-radius:0px 0px 0px 0px;\npadding:0px 0px 0px 0px;\n}\n<\/style>\n<div class='flex_column av-av_two_third-c8fc129dc35fd1ae2a1e410224d39ea8 av_two_third  avia-builder-el-3  el_after_av_one_third  avia-builder-el-last  flex_column_div av-zero-column-padding '     ><section  class='av_textblock_section av-av_textblock-2de302bf1aa3cf4c9157dbe6f50ac7eb'  itemscope=\"itemscope\" itemtype=\"https:\/\/schema.org\/CreativeWork\" ><div class='avia_textblock'  itemprop=\"text\" ><div class=\"search-filter-results\" id=\"search-filter-results-3322\"><div class='grid-search'>\t\t<div class='grid-search-item'>\n\t\t<a href=\"https:\/\/museosanitariovigo.es\/es\/imaxe\/hospital-alvaro-cunqueiro\/\">\n\n\t\t\t<img width=\"705\" height=\"469\" src=\"https:\/\/museosanitariovigo.es\/wp-content\/uploads\/2018\/03\/EVOLUCION4-1030x685-705x469.jpg\" class=\"wp-image-3048 avia-img-lazy-loading-3048 attachment-masonry size-masonry wp-post-image\" alt=\"\" loading=\"lazy\" srcset=\"https:\/\/museosanitariovigo.es\/wp-content\/uploads\/2018\/03\/EVOLUCION4-1030x685-705x469.jpg 705w, https:\/\/museosanitariovigo.es\/wp-content\/uploads\/2018\/03\/EVOLUCION4-1030x685-300x200.jpg 300w, https:\/\/museosanitariovigo.es\/wp-content\/uploads\/2018\/03\/EVOLUCION4-1030x685-768x511.jpg 768w, https:\/\/museosanitariovigo.es\/wp-content\/uploads\/2018\/03\/EVOLUCION4-1030x685.jpg 1030w, https:\/\/museosanitariovigo.es\/wp-content\/uploads\/2018\/03\/EVOLUCION4-1030x685-450x299.jpg 450w\" sizes=\"(max-width: 705px) 100vw, 705px\" \/>\n\t\t\t\n\t\t\t<div class=\"content\">\n\t\t\t\t<h2>Hospital \u00c1lvaro Cunqueiro<\/h2>\n\t\t\t\t<p><p>Selecci\u00f3n de fotograf\u00edas de la  construcci\u00f3n del nuevo hospital de Vigo inaugurado en el a\u00f1o 2015. Sus obras comenzaron en el a\u00f1o 2011 e inici\u00f3 su actividad el 29 de junio del a\u00f1o 2015.<\/p>\n<p>\n\t\t\t<\/div>\n\t\t\t\n\t\t\t<\/a>\n\t\t<\/div>\n\t\t\n\t\t\n\t\t\t\t<div class='grid-search-item'>\n\t\t<a href=\"https:\/\/museosanitariovigo.es\/es\/imaxe\/atencion-primaria\/\">\n\n\t\t\t<img width=\"705\" height=\"499\" src=\"https:\/\/museosanitariovigo.es\/wp-content\/uploads\/2018\/03\/INAGURACION-COYA-705x499.jpg\" class=\"wp-image-3029 avia-img-lazy-loading-3029 attachment-masonry size-masonry wp-post-image\" alt=\"\" loading=\"lazy\" srcset=\"https:\/\/museosanitariovigo.es\/wp-content\/uploads\/2018\/03\/INAGURACION-COYA-705x499.jpg 705w, https:\/\/museosanitariovigo.es\/wp-content\/uploads\/2018\/03\/INAGURACION-COYA-300x212.jpg 300w, https:\/\/museosanitariovigo.es\/wp-content\/uploads\/2018\/03\/INAGURACION-COYA-260x185.jpg 260w, https:\/\/museosanitariovigo.es\/wp-content\/uploads\/2018\/03\/INAGURACION-COYA-450x319.jpg 450w, https:\/\/museosanitariovigo.es\/wp-content\/uploads\/2018\/03\/INAGURACION-COYA.jpg 706w\" sizes=\"(max-width: 705px) 100vw, 705px\" \/>\n\t\t\t\n\t\t\t<div class=\"content\">\n\t\t\t\t<h2>Atenci\u00f3n Primaria<\/h2>\n\t\t\t\t<p><p>Esta es una selecci\u00f3n de fotograf\u00edas pertenecientes el archivo del  MUSAVI.<\/p>\n<p>Datan de entre la d\u00e9cada de los setenta y 1999 y corresponden a diversos actos institucionales y de creaci\u00f3n de los Centros de atenci\u00f3n primaria y especialidades de Vigo.<\/p>\n<p>\n\t\t\t<\/div>\n\t\t\t\n\t\t\t<\/a>\n\t\t<\/div>\n\t\t\n\t\t\n\t\t\t\t<div class='grid-search-item'>\n\t\t<a href=\"https:\/\/museosanitariovigo.es\/es\/imaxe\/policlinico-cies\/\">\n\n\t\t\t<img width=\"525\" height=\"705\" src=\"https:\/\/museosanitariovigo.es\/wp-content\/uploads\/2018\/03\/H-cies-767x1030-525x705.jpg\" class=\"wp-image-2967 avia-img-lazy-loading-2967 attachment-masonry size-masonry wp-post-image\" alt=\"\" loading=\"lazy\" srcset=\"https:\/\/museosanitariovigo.es\/wp-content\/uploads\/2018\/03\/H-cies-767x1030-525x705.jpg 525w, https:\/\/museosanitariovigo.es\/wp-content\/uploads\/2018\/03\/H-cies-767x1030-223x300.jpg 223w, https:\/\/museosanitariovigo.es\/wp-content\/uploads\/2018\/03\/H-cies-767x1030.jpg 767w, https:\/\/museosanitariovigo.es\/wp-content\/uploads\/2018\/03\/H-cies-767x1030-450x604.jpg 450w\" sizes=\"(max-width: 525px) 100vw, 525px\" \/>\n\t\t\t\n\t\t\t<div class=\"content\">\n\t\t\t\t<h2>Policl\u00ednico C\u00edes<\/h2>\n\t\t\t\t<p><p>Construido en 1967, este edificio se convirti\u00f3 en el m\u00e1ximo exponente del movimiento moderno de la arquitectura de la ciudad en los 60. Dise\u00f1ado por el vigu\u00e9s Xos\u00e9 Bar  Boo para usos sanitarios, fue empleado por la Obra 18 de julio, hasta que en 1976 se incorpor\u00f3 a la Seguridad Social. Se cerr\u00f3 al p\u00fablico en el 2015.<\/p>\n<p>\n\t\t\t<\/div>\n\t\t\t\n\t\t\t<\/a>\n\t\t<\/div>\n\t\t\n\t\t\n\t\t\t\t<div class='grid-search-item'>\n\t\t<a href=\"https:\/\/museosanitariovigo.es\/es\/imaxe\/hospital-do-meixoeiro\/\">\n\n\t\t\t<img width=\"705\" height=\"515\" src=\"https:\/\/museosanitariovigo.es\/wp-content\/uploads\/2018\/03\/meixo5005-705x515.jpg\" class=\"wp-image-2972 avia-img-lazy-loading-2972 attachment-masonry size-masonry wp-post-image\" alt=\"\" loading=\"lazy\" srcset=\"https:\/\/museosanitariovigo.es\/wp-content\/uploads\/2018\/03\/meixo5005-705x515.jpg 705w, https:\/\/museosanitariovigo.es\/wp-content\/uploads\/2018\/03\/meixo5005-300x219.jpg 300w, https:\/\/museosanitariovigo.es\/wp-content\/uploads\/2018\/03\/meixo5005-768x561.jpg 768w, https:\/\/museosanitariovigo.es\/wp-content\/uploads\/2018\/03\/meixo5005-450x329.jpg 450w, https:\/\/museosanitariovigo.es\/wp-content\/uploads\/2018\/03\/meixo5005.jpg 1000w\" sizes=\"(max-width: 705px) 100vw, 705px\" \/>\n\t\t\t\n\t\t\t<div class=\"content\">\n\t\t\t\t<h2>Hospital do Meixoeiro<\/h2>\n\t\t\t\t<p><p>El Hospital abre sus puertas por primera vez el 15 de noviembre de 1989 con 68 camas, dos quir\u00f3fanos y actividad exclusivamente quir\u00fargica.<\/p>\n<p>\n\t\t\t<\/div>\n\t\t\t\n\t\t\t<\/a>\n\t\t<\/div>\n\t\t\n\t\t\n\t\t\t\t<div class='grid-search-item'>\n\t\t<a href=\"https:\/\/museosanitariovigo.es\/es\/imaxe\/hospital-nicolas-pena-antiguo-hospital-elduayen\/\">\n\n\t\t\t<img width=\"705\" height=\"377\" src=\"https:\/\/museosanitariovigo.es\/wp-content\/uploads\/2018\/03\/nicolas-pena-1-705x377.jpg\" class=\"wp-image-2915 avia-img-lazy-loading-2915 attachment-masonry size-masonry wp-post-image\" alt=\"\" loading=\"lazy\" srcset=\"https:\/\/museosanitariovigo.es\/wp-content\/uploads\/2018\/03\/nicolas-pena-1-705x377.jpg 705w, https:\/\/museosanitariovigo.es\/wp-content\/uploads\/2018\/03\/nicolas-pena-1-300x161.jpg 300w, https:\/\/museosanitariovigo.es\/wp-content\/uploads\/2018\/03\/nicolas-pena-1-768x411.jpg 768w, https:\/\/museosanitariovigo.es\/wp-content\/uploads\/2018\/03\/nicolas-pena-1-450x241.jpg 450w, https:\/\/museosanitariovigo.es\/wp-content\/uploads\/2018\/03\/nicolas-pena-1.jpg 990w\" sizes=\"(max-width: 705px) 100vw, 705px\" \/>\n\t\t\t\n\t\t\t<div class=\"content\">\n\t\t\t\t<h2>Hospital Nicol\u00e1s Pe\u00f1a, antiguo Hospital Elduayen<\/h2>\n\t\t\t\t<p><p>Selecci\u00f3n de fotograf\u00edas del primer Hospital de Vigo inaugurado en el a\u00f1o 1896. Contaba con tres salas de 20 camas de hierro y ofrec\u00eda todo tipo de servicios sanitarios de la \u00e9poca, cirug\u00edas, partos\u2026 etc.<\/p>\n<p>\n\t\t\t<\/div>\n\t\t\t\n\t\t\t<\/a>\n\t\t<\/div>\n\t\t\n\t\t\n\t\t\t\t<div class='grid-search-item'>\n\t\t<a href=\"https:\/\/museosanitariovigo.es\/es\/imaxe\/hospital-xeral-antiguo-hospital-almirante-vierna\/\">\n\n\t\t\t<img width=\"705\" height=\"421\" src=\"https:\/\/museosanitariovigo.es\/wp-content\/uploads\/2018\/03\/23-1030x615-705x421.jpg\" class=\"wp-image-2928 avia-img-lazy-loading-2928 attachment-masonry size-masonry wp-post-image\" alt=\"\" loading=\"lazy\" srcset=\"https:\/\/museosanitariovigo.es\/wp-content\/uploads\/2018\/03\/23-1030x615-705x421.jpg 705w, https:\/\/museosanitariovigo.es\/wp-content\/uploads\/2018\/03\/23-1030x615-300x179.jpg 300w, https:\/\/museosanitariovigo.es\/wp-content\/uploads\/2018\/03\/23-1030x615-768x459.jpg 768w, https:\/\/museosanitariovigo.es\/wp-content\/uploads\/2018\/03\/23-1030x615.jpg 1030w, https:\/\/museosanitariovigo.es\/wp-content\/uploads\/2018\/03\/23-1030x615-450x269.jpg 450w\" sizes=\"(max-width: 705px) 100vw, 705px\" \/>\n\t\t\t\n\t\t\t<div class=\"content\">\n\t\t\t\t<h2>Hospital Xeral, antiguo Hospital Almirante Vierna<\/h2>\n\t\t\t\t<p><p>El 16 de septiembre de 1955, Francisco Franco inaugura la Residencia Sanitaria Almirante  Vierna, del Instituto Nacional de Previsi\u00f3n ( INP). Se abre con 140 camas y con 215 trabajadores (38 m\u00e9dicos).<\/p>\n<p>\n\t\t\t<\/div>\n\t\t\t\n\t\t\t<\/a>\n\t\t<\/div>\n\t\t\n\t\t\n\t\t\t\t<div class='grid-search-item'>\n\t\t<a href=\"https:\/\/museosanitariovigo.es\/es\/imaxe\/hospital-rebullon\/\">\n\n\t\t\t<img width=\"705\" height=\"415\" src=\"https:\/\/museosanitariovigo.es\/wp-content\/uploads\/2018\/03\/Despedida-Rebullon-1-705x415.jpg\" class=\"wp-image-3000 avia-img-lazy-loading-3000 attachment-masonry size-masonry wp-post-image\" alt=\"\" loading=\"lazy\" srcset=\"https:\/\/museosanitariovigo.es\/wp-content\/uploads\/2018\/03\/Despedida-Rebullon-1-705x415.jpg 705w, https:\/\/museosanitariovigo.es\/wp-content\/uploads\/2018\/03\/Despedida-Rebullon-1-300x176.jpg 300w, https:\/\/museosanitariovigo.es\/wp-content\/uploads\/2018\/03\/Despedida-Rebullon-1-768x452.jpg 768w, https:\/\/museosanitariovigo.es\/wp-content\/uploads\/2018\/03\/Despedida-Rebullon-1-450x265.jpg 450w, https:\/\/museosanitariovigo.es\/wp-content\/uploads\/2018\/03\/Despedida-Rebullon-1.jpg 850w\" sizes=\"(max-width: 705px) 100vw, 705px\" \/>\n\t\t\t\n\t\t\t<div class=\"content\">\n\t\t\t\t<h2>Hospital Rebull\u00f3n<\/h2>\n\t\t\t\t<p><p>Selecci\u00f3n de fotograf\u00edas de este centro que nace en el a\u00f1o 1930 como colonia estival para ni\u00f1os pobres, posteriormente prestar\u00e1 asistencia a enfermos  tuberculosos.<\/p>\n<p>\n\t\t\t<\/div>\n\t\t\t\n\t\t\t<\/a>\n\t\t<\/div>\n\t\t\n\t\t\n\t\t\t\n\n\t<\/div><\/div>\n<\/div><\/section><\/div>\n","protected":false},"excerpt":{"rendered":"","protected":false},"author":1,"featured_media":0,"parent":0,"menu_order":0,"comment_status":"closed","ping_status":"closed","template":"","meta":[],"_links":{"self":[{"href":"https:\/\/museosanitariovigo.es\/es\/wp-json\/wp\/v2\/pages\/3325"}],"collection":[{"href":"https:\/\/museosanitariovigo.es\/es\/wp-json\/wp\/v2\/pages"}],"about":[{"href":"https:\/\/museosanitariovigo.es\/es\/wp-json\/wp\/v2\/types\/page"}],"author":[{"embeddable":true,"href":"https:\/\/museosanitariovigo.es\/es\/wp-json\/wp\/v2\/users\/1"}],"replies":[{"embeddable":true,"href":"https:\/\/museosanitariovigo.es\/es\/wp-json\/wp\/v2\/comments?post=3325"}],"version-history":[{"count":3,"href":"https:\/\/museosanitariovigo.es\/es\/wp-json\/wp\/v2\/pages\/3325\/revisions"}],"predecessor-version":[{"id":3382,"href":"https:\/\/museosanitariovigo.es\/es\/wp-json\/wp\/v2\/pages\/3325\/revisions\/3382"}],"wp:attachment":[{"href":"https:\/\/museosanitariovigo.es\/es\/wp-json\/wp\/v2\/media?parent=3325"}],"curies":[{"name":"wp","href":"https:\/\/api.w.org\/{rel}","templated":true}]}}